{"id":973,"date":"2022-06-19T18:58:38","date_gmt":"2022-06-19T18:58:38","guid":{"rendered":"https:\/\/www.anatomicaclinic.com\/?page_id=973"},"modified":"2026-02-11T11:45:26","modified_gmt":"2026-02-11T11:45:26","slug":"yag-enjeksiyonu","status":"publish","type":"page","link":"https:\/\/www.anatomicaclinic.com\/tr\/yag-enjeksiyonu\/","title":{"rendered":"Ya\u011f Enjeksiyonu"},"content":{"rendered":"<div class=\"wpb-content-wrapper\"><p>[vc_section][vc_row el_class=&#8221;container_1200&#8243;][vc_column][vc_row_inner][vc_column_inner][vc_custom_heading text=&#8221;Ya\u011f Enjeksiyonu&#8221; font_container=&#8221;tag:h2|font_size:48|text_align:center&#8221; use_theme_fonts=&#8221;yes&#8221; el_class=&#8221;single-page-h2&#8243;][\/vc_column_inner][\/vc_row_inner][vc_row_inner][vc_column_inner width=&#8221;1\/3&#8243;][vc_single_image image=&#8221;1030&#8243; img_size=&#8221;full&#8221;][\/vc_column_inner][vc_column_inner width=&#8221;2\/3&#8243;][vc_column_text]Ya\u011f enjeksiyonu bir yerden al\u0131nan ya\u011f h\u00fccrelerinin i\u011fne ile ba\u015fka bir yere verilmesidir. Al\u0131nan yer, genellikle kar\u0131n b\u00f6lgesidir. Verilen ya\u011f h\u00fccreleri, yeni yerlerinde ya\u015famaya devam ederler ve orada bir dolgu maddesi g\u00f6revi g\u00f6r\u00fcr. Ya\u011f enjeksiyonunun ba\u015far\u0131s\u0131, verilen h\u00fccrelerin ya\u015famaya devam etmesine ba\u011fl\u0131d\u0131r. E\u011fer verilen h\u00fccreler \u00f6l\u00fcrse, birka\u00e7 hafta sonra b\u00fct\u00fcn dolgunun etkisi ortadan kalkar. K\u0131sacas\u0131, \u00f6l\u00fc ya\u011flar erir. Ya\u011f enjeksiyonu yapman\u0131n bir\u00e7ok de\u011fi\u015fik tekni\u011fi ve aleti vard\u0131r. Temel olarak, ya\u011flar \u00f6zel liposuction enjekt\u00f6rleri ile al\u0131n\u0131r ve ba\u015fka bir enjekt\u00f6re aktar\u0131larak yeni yerlerine enjekte edilir. Her iki safhada da, kesik yapmaya, diki\u015fe gerek yoktur.<\/p> <p>Bu i\u015flemin ba\u015far\u0131l\u0131 olmas\u0131 tamamen kullan\u0131lan aletlere ve tekni\u011fe ba\u011fl\u0131d\u0131r. Son y\u0131llara kadar, enjekte edilen ya\u011flar\u0131n erimesi neredeyse bir kurald\u0131. Ancak son birka\u00e7 senede, teknolojinin ilerlemesiyle birlikte, verilen ya\u011flar\u0131n tutma ihtimali olduk\u00e7a artt\u0131. Al\u0131nan h\u00fccrelerin hava ile temas etmemesi, ya\u011flar\u0131n verildi\u011fi enjekt\u00f6rlerin boyutlar\u0131, uygulan\u0131lan bas\u0131n\u00e7 da, kullan\u0131lan alet ve teknikler kadar \u00f6nemlidir.[\/vc_column_text][\/vc_column_inner][\/vc_row_inner][vc_row_inner][vc_column_inner width=&#8221;2\/3&#8243;][vc_column_text]<strong>Ya\u011f enjeksiyonu en \u00e7ok y\u00fcz b\u00f6lgesi i\u00e7in tercih ediliyor<\/strong><\/p> <p>Ya\u011f enjeksiyonu \u00e7o\u011funlukla, y\u00fczde b\u00f6lgesinde, dudaklar\u0131 kal\u0131nla\u015ft\u0131rmak, a\u011f\u0131z kenar\u0131ndaki derin k\u0131r\u0131\u015f\u0131kl\u0131klar\u0131 doldurarak yok etmek, elmac\u0131k kemiklerini dolgunla\u015ft\u0131rmak hatta alt \u00e7eneyi biraz b\u00fcy\u00fctmek amac\u0131 ile kullan\u0131l\u0131r. Y\u00f6ntem, kaza sonras\u0131 olu\u015fmu\u015f deformasyonlar\u0131 d\u00fczeltmek i\u00e7in de kullan\u0131labilir. \u00d6rne\u011fin, al\u0131nda bir \u00e7\u00f6k\u00fckl\u00fck olu\u015fmu\u015fsa, bu b\u00f6lge ya\u011f ile doldurularak d\u00fczeltilebilir. Ya\u011flar, ayr\u0131ca, kal\u00e7alar\u0131n \u015feklini d\u00fczeltmek, daha \u00f6nce yap\u0131lm\u0131\u015f ve \u00e7\u00f6k\u00fckl\u00fcklere sebep olmu\u015f liposuction deformasyonlar\u0131n\u0131 d\u00fczeltmek amac\u0131yla da s\u0131k\u00e7a kullan\u0131l\u0131r. Operasyon i\u00e7in lokal anestezi yeterlidir. Fakat i\u015flemin sa\u011fl\u0131kl\u0131 olmas\u0131 a\u00e7\u0131s\u0131ndan, operasyonun ameliyathane ortam\u0131nda yap\u0131lmas\u0131nda fayda vard\u0131r. Al\u0131nan ya\u011flar\u0131n haz\u0131rl\u0131\u011f\u0131 ve nakli yakla\u015f\u0131k 20\u2019\u015fer dakika s\u00fcrmektedir.[\/vc_column_text][\/vc_column_inner][vc_column_inner width=&#8221;1\/3&#8243;][vc_single_image image=&#8221;1026&#8243; img_size=&#8221;full&#8221;][\/vc_column_inner][\/vc_row_inner][\/vc_column][\/vc_row][\/vc_section]<\/p> <\/div>","protected":false},"excerpt":{"rendered":"[vc_section][vc_row el_class=&#8221;container_1200&#8243;][vc_column][vc_row_inner][vc_column_inner][vc_custom_heading text=&#8221;Ya\u011f Enjeksiyonu&#8221; font_container=&#8221;tag:h2|font_size:48|text_align:center&#8221; use_theme_fonts=&#8221;yes&#8221; el_class=&#8221;single-page-h2&#8243;][\/vc_column_inner][\/vc_row_inner][vc_row_inner][vc_column_inner width=&#8221;1\/3&#8243;][vc_single_image image=&#8221;1030&#8243; img_size=&#8221;full&#8221;][\/vc_column_inner][vc_column_inner width=&#8221;2\/3&#8243;][vc_column_text]Ya\u011f enjeksiyonu bir yerden al\u0131nan ya\u011f h\u00fccrelerinin i\u011fne ile ba\u015fka bir yere verilmesidir. Al\u0131nan yer, genellikle kar\u0131n b\u00f6lgesidir. Verilen ya\u011f h\u00fccreleri, yeni yerlerinde ya\u015famaya devam ederler ve orada bir dolgu maddesi g\u00f6revi g\u00f6r\u00fcr. Ya\u011f enjeksiyonunun ba\u015far\u0131s\u0131, verilen h\u00fccrelerin ya\u015famaya devam etmesine ba\u011fl\u0131d\u0131r. E\u011fer verilen h\u00fccreler&#8230; <a class=\"view-article\" href=\"https:\/\/www.anatomicaclinic.com\/tr\/yag-enjeksiyonu\/\">View Article<\/a>","protected":false},"author":10,"featured_media":0,"parent":0,"menu_order":0,"comment_status":"closed","ping_status":"closed","template":"","meta":{"footnotes":""},"class_list":["post-973","page","type-page","status-publish","hentry"],"yoast_head":"<!-- This site is optimized with the Yoast SEO plugin v27.0 - https:\/\/yoast.com\/product\/yoast-seo-wordpress\/ -->\n<title>Ya\u011f Enjeksiyonu - Anatomica Klinik<\/title>\n<meta name=\"description\" content=\"Ya\u011f Enjeksiyonu - Anatomica Klinik\" \/>\n<meta name=\"robots\" content=\"index, follow, max-snippet:-1, max-image-preview:large, max-video-preview:-1\" \/>\n<link rel=\"canonical\" href=\"https:\/\/www.anatomicaclinic.com\/tr\/?page_id=973\" \/>\n<meta property=\"og:locale\" content=\"tr_TR\" \/>\n<meta property=\"og:type\" content=\"article\" \/>\n<meta property=\"og:title\" content=\"Ya\u011f Enjeksiyonu - Anatomica Klinik\" \/>\n<meta property=\"og:description\" content=\"Ya\u011f Enjeksiyonu - Anatomica Klinik\" \/>\n<meta property=\"og:url\" content=\"https:\/\/www.anatomicaclinic.com\/tr\/?page_id=973\" \/>\n<meta property=\"og:site_name\" content=\"Anatomica Klinik\" \/>\n<meta property=\"article:publisher\" content=\"https:\/\/www.facebook.com\/anatomicadominican\" \/>\n<meta property=\"article:modified_time\" content=\"2026-02-11T11:45:26+00:00\" \/>\n<meta name=\"twitter:card\" content=\"summary_large_image\" \/>\n<meta name=\"twitter:label1\" content=\"Tahmini okuma s\u00fcresi\" \/>\n\t<meta name=\"twitter:data1\" content=\"2 dakika\" \/>\n<script type=\"application\/ld+json\" class=\"yoast-schema-graph\">{\"@context\":\"https:\/\/schema.org\",\"@graph\":[{\"@type\":\"WebPage\",\"@id\":\"https:\/\/www.anatomicaclinic.com\/tr\/?page_id=973\",\"url\":\"https:\/\/www.anatomicaclinic.com\/tr\/?page_id=973\",\"name\":\"Ya\u011f Enjeksiyonu - Anatomica Klinik\",\"isPartOf\":{\"@id\":\"https:\/\/www.anatomicaclinic.com\/#website\"},\"datePublished\":\"2022-06-19T18:58:38+00:00\",\"dateModified\":\"2026-02-11T11:45:26+00:00\",\"description\":\"Ya\u011f Enjeksiyonu - Anatomica Klinik\",\"breadcrumb\":{\"@id\":\"https:\/\/www.anatomicaclinic.com\/tr\/?page_id=973#breadcrumb\"},\"inLanguage\":\"tr\",\"potentialAction\":[{\"@type\":\"ReadAction\",\"target\":[\"https:\/\/www.anatomicaclinic.com\/tr\/?page_id=973\"]}]},{\"@type\":\"BreadcrumbList\",\"@id\":\"https:\/\/www.anatomicaclinic.com\/tr\/?page_id=973#breadcrumb\",\"itemListElement\":[{\"@type\":\"ListItem\",\"position\":1,\"name\":\"Anasayfa\",\"item\":\"https:\/\/www.anatomicaclinic.com\/tr\/\"},{\"@type\":\"ListItem\",\"position\":2,\"name\":\"Ya\u011f Enjeksiyonu\"}]},{\"@type\":\"WebSite\",\"@id\":\"https:\/\/www.anatomicaclinic.com\/#website\",\"url\":\"https:\/\/www.anatomicaclinic.com\/\",\"name\":\"Anatomica Clinic\",\"description\":\"Anatomica\",\"publisher\":{\"@id\":\"https:\/\/www.anatomicaclinic.com\/#organization\"},\"alternateName\":\"Anatomica Clinic International\",\"potentialAction\":[{\"@type\":\"SearchAction\",\"target\":{\"@type\":\"EntryPoint\",\"urlTemplate\":\"https:\/\/www.anatomicaclinic.com\/?s={search_term_string}\"},\"query-input\":{\"@type\":\"PropertyValueSpecification\",\"valueRequired\":true,\"valueName\":\"search_term_string\"}}],\"inLanguage\":\"tr\"},{\"@type\":\"Organization\",\"@id\":\"https:\/\/www.anatomicaclinic.com\/#organization\",\"name\":\"Anatomica Clinic Dominicana\",\"url\":\"https:\/\/www.anatomicaclinic.com\/\",\"logo\":{\"@type\":\"ImageObject\",\"inLanguage\":\"tr\",\"@id\":\"https:\/\/www.anatomicaclinic.com\/#\/schema\/logo\/image\/\",\"url\":\"https:\/\/www.anatomicaclinic.com\/wp-content\/uploads\/2023\/11\/8aa015e1-a0cd-4d48-b1d5-c9598cbdad99.jpg\",\"contentUrl\":\"https:\/\/www.anatomicaclinic.com\/wp-content\/uploads\/2023\/11\/8aa015e1-a0cd-4d48-b1d5-c9598cbdad99.jpg\",\"width\":1600,\"height\":1600,\"caption\":\"Anatomica Clinic Dominicana\"},\"image\":{\"@id\":\"https:\/\/www.anatomicaclinic.com\/#\/schema\/logo\/image\/\"},\"sameAs\":[\"https:\/\/www.facebook.com\/anatomicadominican\",\"https:\/\/instagram.com\/anatomicadominican\"]}]}<\/script>\n<!-- \/ Yoast SEO plugin. -->","yoast_head_json":{"title":"Ya\u011f Enjeksiyonu - Anatomica Klinik","description":"Ya\u011f Enjeksiyonu - Anatomica Klinik","robots":{"index":"index","follow":"follow","max-snippet":"max-snippet:-1","max-image-preview":"max-image-preview:large","max-video-preview":"max-video-preview:-1"},"canonical":"https:\/\/www.anatomicaclinic.com\/tr\/?page_id=973","og_locale":"tr_TR","og_type":"article","og_title":"Ya\u011f Enjeksiyonu - Anatomica Klinik","og_description":"Ya\u011f Enjeksiyonu - Anatomica Klinik","og_url":"https:\/\/www.anatomicaclinic.com\/tr\/?page_id=973","og_site_name":"Anatomica Klinik","article_publisher":"https:\/\/www.facebook.com\/anatomicadominican","article_modified_time":"2026-02-11T11:45:26+00:00","twitter_card":"summary_large_image","twitter_misc":{"Tahmini okuma s\u00fcresi":"2 dakika"},"schema":{"@context":"https:\/\/schema.org","@graph":[{"@type":"WebPage","@id":"https:\/\/www.anatomicaclinic.com\/tr\/?page_id=973","url":"https:\/\/www.anatomicaclinic.com\/tr\/?page_id=973","name":"Ya\u011f Enjeksiyonu - Anatomica Klinik","isPartOf":{"@id":"https:\/\/www.anatomicaclinic.com\/#website"},"datePublished":"2022-06-19T18:58:38+00:00","dateModified":"2026-02-11T11:45:26+00:00","description":"Ya\u011f Enjeksiyonu - Anatomica Klinik","breadcrumb":{"@id":"https:\/\/www.anatomicaclinic.com\/tr\/?page_id=973#breadcrumb"},"inLanguage":"tr","potentialAction":[{"@type":"ReadAction","target":["https:\/\/www.anatomicaclinic.com\/tr\/?page_id=973"]}]},{"@type":"BreadcrumbList","@id":"https:\/\/www.anatomicaclinic.com\/tr\/?page_id=973#breadcrumb","itemListElement":[{"@type":"ListItem","position":1,"name":"Anasayfa","item":"https:\/\/www.anatomicaclinic.com\/tr\/"},{"@type":"ListItem","position":2,"name":"Ya\u011f Enjeksiyonu"}]},{"@type":"WebSite","@id":"https:\/\/www.anatomicaclinic.com\/#website","url":"https:\/\/www.anatomicaclinic.com\/","name":"Anatomica Clinic","description":"Anatomica","publisher":{"@id":"https:\/\/www.anatomicaclinic.com\/#organization"},"alternateName":"Anatomica Clinic International","potentialAction":[{"@type":"SearchAction","target":{"@type":"EntryPoint","urlTemplate":"https:\/\/www.anatomicaclinic.com\/?s={search_term_string}"},"query-input":{"@type":"PropertyValueSpecification","valueRequired":true,"valueName":"search_term_string"}}],"inLanguage":"tr"},{"@type":"Organization","@id":"https:\/\/www.anatomicaclinic.com\/#organization","name":"Anatomica Clinic Dominicana","url":"https:\/\/www.anatomicaclinic.com\/","logo":{"@type":"ImageObject","inLanguage":"tr","@id":"https:\/\/www.anatomicaclinic.com\/#\/schema\/logo\/image\/","url":"https:\/\/www.anatomicaclinic.com\/wp-content\/uploads\/2023\/11\/8aa015e1-a0cd-4d48-b1d5-c9598cbdad99.jpg","contentUrl":"https:\/\/www.anatomicaclinic.com\/wp-content\/uploads\/2023\/11\/8aa015e1-a0cd-4d48-b1d5-c9598cbdad99.jpg","width":1600,"height":1600,"caption":"Anatomica Clinic Dominicana"},"image":{"@id":"https:\/\/www.anatomicaclinic.com\/#\/schema\/logo\/image\/"},"sameAs":["https:\/\/www.facebook.com\/anatomicadominican","https:\/\/instagram.com\/anatomicadominican"]}]}},"_links":{"self":[{"href":"https:\/\/www.anatomicaclinic.com\/tr\/wp-json\/wp\/v2\/pages\/973","targetHints":{"allow":["GET"]}}],"collection":[{"href":"https:\/\/www.anatomicaclinic.com\/tr\/wp-json\/wp\/v2\/pages"}],"about":[{"href":"https:\/\/www.anatomicaclinic.com\/tr\/wp-json\/wp\/v2\/types\/page"}],"author":[{"embeddable":true,"href":"https:\/\/www.anatomicaclinic.com\/tr\/wp-json\/wp\/v2\/users\/10"}],"replies":[{"embeddable":true,"href":"https:\/\/www.anatomicaclinic.com\/tr\/wp-json\/wp\/v2\/comments?post=973"}],"version-history":[{"count":1,"href":"https:\/\/www.anatomicaclinic.com\/tr\/wp-json\/wp\/v2\/pages\/973\/revisions"}],"predecessor-version":[{"id":8724,"href":"https:\/\/www.anatomicaclinic.com\/tr\/wp-json\/wp\/v2\/pages\/973\/revisions\/8724"}],"wp:attachment":[{"href":"https:\/\/www.anatomicaclinic.com\/tr\/wp-json\/wp\/v2\/media?parent=973"}],"curies":[{"name":"wp","href":"https:\/\/api.w.org\/{rel}","templated":true}]}}