{"id":975,"date":"2022-06-19T18:59:15","date_gmt":"2022-06-19T18:59:15","guid":{"rendered":"https:\/\/www.anatomicaclinic.com\/?page_id=975"},"modified":"2026-02-11T11:45:25","modified_gmt":"2026-02-11T11:45:25","slug":"gulus-tasarimi","status":"publish","type":"page","link":"https:\/\/www.anatomicaclinic.com\/tr\/dis-tedavileri\/gulus-tasarimi\/","title":{"rendered":"G\u00fcl\u00fc\u015f Tasar\u0131m\u0131"},"content":{"rendered":"<div class=\"wpb-content-wrapper\"><p>[vc_section][vc_row el_class=&#8221;container_1200&#8243;][vc_column][vc_row_inner][vc_column_inner][vc_custom_heading text=&#8221;G\u00dcL\u00dc\u015e TASARIMI&#8221; font_container=&#8221;tag:h2|font_size:48|text_align:center&#8221; use_theme_fonts=&#8221;yes&#8221; el_class=&#8221;single-page-h2&#8243;][\/vc_column_inner][\/vc_row_inner][vc_row_inner][vc_column_inner][vc_column_text]G\u00fcl\u00fcmsemenizi geli\u015ftirmek, t\u00fcm g\u00f6r\u00fcn\u00fcm\u00fcn\u00fcz\u00fc \u00f6nemli \u00f6l\u00e7\u00fcde gen\u00e7le\u015ftirebilir. \u00c7o\u011fu insan, bu kozmetik di\u015f tedavilerinin ya\u015flanma belirtileri ve genel olarak genel g\u00f6r\u00fcn\u00fcm\u00fcn\u00fcz \u00fczerinde derin bir etkisi olabilece\u011fi halde, g\u00fcl\u00fcmseme esteti\u011fi tedavisini plastik cerrahiye bir alternatif olarak d\u00fc\u015f\u00fcnmez.[\/vc_column_text][\/vc_column_inner][\/vc_row_inner][vc_row_inner][vc_column_inner width=&#8221;1\/3&#8243;][vc_single_image image=&#8221;1075&#8243; img_size=&#8221;full&#8221;][\/vc_column_inner][vc_column_inner width=&#8221;2\/3&#8243;][vc_column_text]G\u00fcl\u00fc\u015f tasar\u0131m\u0131 se\u00e7enekleri \u015funlar\u0131 i\u00e7erir:<\/p> <ul> <li>Di\u015f beyazlatma<\/li> <li>Porselen kaplamalar<\/li> <li>Di\u015f implantlar\u0131<\/li> <li>Kozmetik di\u015f minesi \u015fekillendirme<\/li> <li>Periodontal plastik cerrahi<\/li> <li>Di\u015f eti \u00e7izgisi yeniden \u015fekillendirme<\/li> <li>Di\u015f eti grefti<\/li> <li>Eski kuronlar\u0131n etraf\u0131ndaki siyahl\u0131klar\u0131n giderilmesi<\/li> <li>Porselen dolgular<\/li> <li>Porselen inlayler<\/li> <li>Porselen onlayler<\/li> <li>Porselen kuronlar<\/li> <\/ul> <p>Ayr\u0131ca hastalar\u0131n di\u015flerinin kapanmas\u0131n\u0131 dengelemelerine ve g\u00fcl\u00fcmsemelerini geli\u015ftirmelerine yard\u0131mc\u0131 olacak ortodontik \u00e7\u00f6z\u00fcmler de sunuyoruz. A\u015fa\u011f\u0131dakiler tedavi se\u00e7enekleri size uyabilir:<\/p> <ul> <li>Clear Aligner (\u015feffaf di\u015f telleri)<\/li> <li>Seramik di\u015f renginde di\u015f telleri<\/li> <li>\u00c7\u0131kar\u0131labilir ortodonti<\/li> <li>Ortodontik Veneer (An\u0131nda Ortodonti)<\/li> <\/ul> <p>[\/vc_column_text][\/vc_column_inner][\/vc_row_inner][\/vc_column][\/vc_row][\/vc_section]<\/p> <\/div>","protected":false},"excerpt":{"rendered":"[vc_section][vc_row el_class=&#8221;container_1200&#8243;][vc_column][vc_row_inner][vc_column_inner][vc_custom_heading text=&#8221;G\u00dcL\u00dc\u015e TASARIMI&#8221; font_container=&#8221;tag:h2|font_size:48|text_align:center&#8221; use_theme_fonts=&#8221;yes&#8221; el_class=&#8221;single-page-h2&#8243;][\/vc_column_inner][\/vc_row_inner][vc_row_inner][vc_column_inner][vc_column_text]G\u00fcl\u00fcmsemenizi geli\u015ftirmek, t\u00fcm g\u00f6r\u00fcn\u00fcm\u00fcn\u00fcz\u00fc \u00f6nemli \u00f6l\u00e7\u00fcde gen\u00e7le\u015ftirebilir. \u00c7o\u011fu insan, bu kozmetik di\u015f tedavilerinin ya\u015flanma belirtileri ve genel olarak genel g\u00f6r\u00fcn\u00fcm\u00fcn\u00fcz \u00fczerinde derin bir etkisi olabilece\u011fi halde, g\u00fcl\u00fcmseme esteti\u011fi tedavisini plastik cerrahiye bir alternatif olarak d\u00fc\u015f\u00fcnmez.[\/vc_column_text][\/vc_column_inner][\/vc_row_inner][vc_row_inner][vc_column_inner width=&#8221;1\/3&#8243;][vc_single_image image=&#8221;1075&#8243; img_size=&#8221;full&#8221;][\/vc_column_inner][vc_column_inner width=&#8221;2\/3&#8243;][vc_column_text]G\u00fcl\u00fc\u015f tasar\u0131m\u0131 se\u00e7enekleri \u015funlar\u0131 i\u00e7erir: Di\u015f beyazlatma Porselen kaplamalar Di\u015f implantlar\u0131&#8230; <a class=\"view-article\" href=\"https:\/\/www.anatomicaclinic.com\/tr\/dis-tedavileri\/gulus-tasarimi\/\">View Article<\/a>","protected":false},"author":1,"featured_media":0,"parent":328,"menu_order":0,"comment_status":"closed","ping_status":"closed","template":"","meta":{"footnotes":""},"class_list":["post-975","page","type-page","status-publish","hentry"],"yoast_head":"<!-- This site is optimized with the Yoast SEO plugin v27.0 - https:\/\/yoast.com\/product\/yoast-seo-wordpress\/ -->\n<title>G\u00fcl\u00fc\u015f Tasar\u0131m\u0131 - Anatomica Klinik<\/title>\n<meta name=\"description\" content=\"G\u00fcl\u00fc\u015f Tasar\u0131m\u0131 - Anatomica Klinik\" \/>\n<meta name=\"robots\" content=\"index, follow, max-snippet:-1, max-image-preview:large, max-video-preview:-1\" \/>\n<link rel=\"canonical\" href=\"https:\/\/www.anatomicaclinic.com\/tr\/?page_id=975\" \/>\n<meta property=\"og:locale\" content=\"tr_TR\" \/>\n<meta property=\"og:type\" content=\"article\" \/>\n<meta property=\"og:title\" content=\"G\u00fcl\u00fc\u015f Tasar\u0131m\u0131 - Anatomica Klinik\" \/>\n<meta property=\"og:description\" content=\"G\u00fcl\u00fc\u015f Tasar\u0131m\u0131 - Anatomica Klinik\" \/>\n<meta property=\"og:url\" content=\"https:\/\/www.anatomicaclinic.com\/tr\/?page_id=975\" \/>\n<meta property=\"og:site_name\" content=\"Anatomica Klinik\" \/>\n<meta property=\"article:publisher\" content=\"https:\/\/www.facebook.com\/anatomicadominican\" \/>\n<meta property=\"article:modified_time\" content=\"2026-02-11T11:45:25+00:00\" \/>\n<meta name=\"twitter:card\" content=\"summary_large_image\" \/>\n<meta name=\"twitter:label1\" content=\"Tahmini okuma s\u00fcresi\" \/>\n\t<meta name=\"twitter:data1\" content=\"1 dakika\" \/>\n<script type=\"application\/ld+json\" class=\"yoast-schema-graph\">{\"@context\":\"https:\/\/schema.org\",\"@graph\":[{\"@type\":\"WebPage\",\"@id\":\"https:\/\/www.anatomicaclinic.com\/tr\/?page_id=975\",\"url\":\"https:\/\/www.anatomicaclinic.com\/tr\/?page_id=975\",\"name\":\"G\u00fcl\u00fc\u015f Tasar\u0131m\u0131 - Anatomica Klinik\",\"isPartOf\":{\"@id\":\"https:\/\/www.anatomicaclinic.com\/#website\"},\"datePublished\":\"2022-06-19T18:59:15+00:00\",\"dateModified\":\"2026-02-11T11:45:25+00:00\",\"description\":\"G\u00fcl\u00fc\u015f Tasar\u0131m\u0131 - Anatomica Klinik\",\"breadcrumb\":{\"@id\":\"https:\/\/www.anatomicaclinic.com\/tr\/?page_id=975#breadcrumb\"},\"inLanguage\":\"tr\",\"potentialAction\":[{\"@type\":\"ReadAction\",\"target\":[\"https:\/\/www.anatomicaclinic.com\/tr\/?page_id=975\"]}]},{\"@type\":\"BreadcrumbList\",\"@id\":\"https:\/\/www.anatomicaclinic.com\/tr\/?page_id=975#breadcrumb\",\"itemListElement\":[{\"@type\":\"ListItem\",\"position\":1,\"name\":\"Anasayfa\",\"item\":\"https:\/\/www.anatomicaclinic.com\/tr\/\"},{\"@type\":\"ListItem\",\"position\":2,\"name\":\"Di\u015f Tedavileri\",\"item\":\"https:\/\/www.anatomicaclinic.com\/tr\/?page_id=328\"},{\"@type\":\"ListItem\",\"position\":3,\"name\":\"G\u00fcl\u00fc\u015f Tasar\u0131m\u0131\"}]},{\"@type\":\"WebSite\",\"@id\":\"https:\/\/www.anatomicaclinic.com\/#website\",\"url\":\"https:\/\/www.anatomicaclinic.com\/\",\"name\":\"Anatomica Clinic\",\"description\":\"Anatomica\",\"publisher\":{\"@id\":\"https:\/\/www.anatomicaclinic.com\/#organization\"},\"alternateName\":\"Anatomica Clinic International\",\"potentialAction\":[{\"@type\":\"SearchAction\",\"target\":{\"@type\":\"EntryPoint\",\"urlTemplate\":\"https:\/\/www.anatomicaclinic.com\/?s={search_term_string}\"},\"query-input\":{\"@type\":\"PropertyValueSpecification\",\"valueRequired\":true,\"valueName\":\"search_term_string\"}}],\"inLanguage\":\"tr\"},{\"@type\":\"Organization\",\"@id\":\"https:\/\/www.anatomicaclinic.com\/#organization\",\"name\":\"Anatomica Clinic Dominicana\",\"url\":\"https:\/\/www.anatomicaclinic.com\/\",\"logo\":{\"@type\":\"ImageObject\",\"inLanguage\":\"tr\",\"@id\":\"https:\/\/www.anatomicaclinic.com\/#\/schema\/logo\/image\/\",\"url\":\"https:\/\/www.anatomicaclinic.com\/wp-content\/uploads\/2023\/11\/8aa015e1-a0cd-4d48-b1d5-c9598cbdad99.jpg\",\"contentUrl\":\"https:\/\/www.anatomicaclinic.com\/wp-content\/uploads\/2023\/11\/8aa015e1-a0cd-4d48-b1d5-c9598cbdad99.jpg\",\"width\":1600,\"height\":1600,\"caption\":\"Anatomica Clinic Dominicana\"},\"image\":{\"@id\":\"https:\/\/www.anatomicaclinic.com\/#\/schema\/logo\/image\/\"},\"sameAs\":[\"https:\/\/www.facebook.com\/anatomicadominican\",\"https:\/\/instagram.com\/anatomicadominican\"]}]}<\/script>\n<!-- \/ Yoast SEO plugin. -->","yoast_head_json":{"title":"G\u00fcl\u00fc\u015f Tasar\u0131m\u0131 - Anatomica Klinik","description":"G\u00fcl\u00fc\u015f Tasar\u0131m\u0131 - Anatomica Klinik","robots":{"index":"index","follow":"follow","max-snippet":"max-snippet:-1","max-image-preview":"max-image-preview:large","max-video-preview":"max-video-preview:-1"},"canonical":"https:\/\/www.anatomicaclinic.com\/tr\/?page_id=975","og_locale":"tr_TR","og_type":"article","og_title":"G\u00fcl\u00fc\u015f Tasar\u0131m\u0131 - Anatomica Klinik","og_description":"G\u00fcl\u00fc\u015f Tasar\u0131m\u0131 - Anatomica Klinik","og_url":"https:\/\/www.anatomicaclinic.com\/tr\/?page_id=975","og_site_name":"Anatomica Klinik","article_publisher":"https:\/\/www.facebook.com\/anatomicadominican","article_modified_time":"2026-02-11T11:45:25+00:00","twitter_card":"summary_large_image","twitter_misc":{"Tahmini okuma s\u00fcresi":"1 dakika"},"schema":{"@context":"https:\/\/schema.org","@graph":[{"@type":"WebPage","@id":"https:\/\/www.anatomicaclinic.com\/tr\/?page_id=975","url":"https:\/\/www.anatomicaclinic.com\/tr\/?page_id=975","name":"G\u00fcl\u00fc\u015f Tasar\u0131m\u0131 - Anatomica Klinik","isPartOf":{"@id":"https:\/\/www.anatomicaclinic.com\/#website"},"datePublished":"2022-06-19T18:59:15+00:00","dateModified":"2026-02-11T11:45:25+00:00","description":"G\u00fcl\u00fc\u015f Tasar\u0131m\u0131 - Anatomica Klinik","breadcrumb":{"@id":"https:\/\/www.anatomicaclinic.com\/tr\/?page_id=975#breadcrumb"},"inLanguage":"tr","potentialAction":[{"@type":"ReadAction","target":["https:\/\/www.anatomicaclinic.com\/tr\/?page_id=975"]}]},{"@type":"BreadcrumbList","@id":"https:\/\/www.anatomicaclinic.com\/tr\/?page_id=975#breadcrumb","itemListElement":[{"@type":"ListItem","position":1,"name":"Anasayfa","item":"https:\/\/www.anatomicaclinic.com\/tr\/"},{"@type":"ListItem","position":2,"name":"Di\u015f Tedavileri","item":"https:\/\/www.anatomicaclinic.com\/tr\/?page_id=328"},{"@type":"ListItem","position":3,"name":"G\u00fcl\u00fc\u015f Tasar\u0131m\u0131"}]},{"@type":"WebSite","@id":"https:\/\/www.anatomicaclinic.com\/#website","url":"https:\/\/www.anatomicaclinic.com\/","name":"Anatomica Clinic","description":"Anatomica","publisher":{"@id":"https:\/\/www.anatomicaclinic.com\/#organization"},"alternateName":"Anatomica Clinic International","potentialAction":[{"@type":"SearchAction","target":{"@type":"EntryPoint","urlTemplate":"https:\/\/www.anatomicaclinic.com\/?s={search_term_string}"},"query-input":{"@type":"PropertyValueSpecification","valueRequired":true,"valueName":"search_term_string"}}],"inLanguage":"tr"},{"@type":"Organization","@id":"https:\/\/www.anatomicaclinic.com\/#organization","name":"Anatomica Clinic Dominicana","url":"https:\/\/www.anatomicaclinic.com\/","logo":{"@type":"ImageObject","inLanguage":"tr","@id":"https:\/\/www.anatomicaclinic.com\/#\/schema\/logo\/image\/","url":"https:\/\/www.anatomicaclinic.com\/wp-content\/uploads\/2023\/11\/8aa015e1-a0cd-4d48-b1d5-c9598cbdad99.jpg","contentUrl":"https:\/\/www.anatomicaclinic.com\/wp-content\/uploads\/2023\/11\/8aa015e1-a0cd-4d48-b1d5-c9598cbdad99.jpg","width":1600,"height":1600,"caption":"Anatomica Clinic Dominicana"},"image":{"@id":"https:\/\/www.anatomicaclinic.com\/#\/schema\/logo\/image\/"},"sameAs":["https:\/\/www.facebook.com\/anatomicadominican","https:\/\/instagram.com\/anatomicadominican"]}]}},"_links":{"self":[{"href":"https:\/\/www.anatomicaclinic.com\/tr\/wp-json\/wp\/v2\/pages\/975","targetHints":{"allow":["GET"]}}],"collection":[{"href":"https:\/\/www.anatomicaclinic.com\/tr\/wp-json\/wp\/v2\/pages"}],"about":[{"href":"https:\/\/www.anatomicaclinic.com\/tr\/wp-json\/wp\/v2\/types\/page"}],"author":[{"embeddable":true,"href":"https:\/\/www.anatomicaclinic.com\/tr\/wp-json\/wp\/v2\/users\/1"}],"replies":[{"embeddable":true,"href":"https:\/\/www.anatomicaclinic.com\/tr\/wp-json\/wp\/v2\/comments?post=975"}],"version-history":[{"count":1,"href":"https:\/\/www.anatomicaclinic.com\/tr\/wp-json\/wp\/v2\/pages\/975\/revisions"}],"predecessor-version":[{"id":8697,"href":"https:\/\/www.anatomicaclinic.com\/tr\/wp-json\/wp\/v2\/pages\/975\/revisions\/8697"}],"up":[{"embeddable":true,"href":"https:\/\/www.anatomicaclinic.com\/tr\/wp-json\/wp\/v2\/pages\/328"}],"wp:attachment":[{"href":"https:\/\/www.anatomicaclinic.com\/tr\/wp-json\/wp\/v2\/media?parent=975"}],"curies":[{"name":"wp","href":"https:\/\/api.w.org\/{rel}","templated":true}]}}