{"id":979,"date":"2022-06-19T18:59:51","date_gmt":"2022-06-19T18:59:51","guid":{"rendered":"https:\/\/www.anatomicaclinic.com\/?page_id=979"},"modified":"2026-02-11T11:45:25","modified_gmt":"2026-02-11T11:45:25","slug":"porselen-inlay-onlay","status":"publish","type":"page","link":"https:\/\/www.anatomicaclinic.com\/tr\/dis-tedavileri\/porselen-inlay-onlay\/","title":{"rendered":"Porselen \u0130nlay &#8211; Onlay"},"content":{"rendered":"<div class=\"wpb-content-wrapper\"><p>[vc_section][vc_row el_class=&#8221;container_1200&#8243;][vc_column][vc_row_inner][vc_column_inner][vc_custom_heading text=&#8221;PORSELEN \u0130NLAY VE ONLAYLER&#8221; font_container=&#8221;tag:h2|font_size:48|text_align:center&#8221; use_theme_fonts=&#8221;yes&#8221; el_class=&#8221;single-page-h2&#8243;][\/vc_column_inner][\/vc_row_inner][vc_row_inner][vc_column_inner][vc_column_text]Modern kozmetik di\u015f hekimli\u011fi, bize di\u015flerinizle ilgili yap\u0131sal sorunlar\u0131 \u00e7\u00f6zmek i\u00e7in \u00f6zel yap\u0131m dolgular olu\u015fturmaya yard\u0131mc\u0131 olacak teknolojideki ilerlemeleri sa\u011flam\u0131\u015f durumda. Porselen inlay ve onlayler, di\u015finizin y\u00fczeyini onarmaya yard\u0131mc\u0131 olan do\u011fal g\u00f6r\u00fcn\u00fcml\u00fc dolgulard\u0131r. G\u00fc\u00e7l\u00fcd\u00fcrler ve gelecekteki di\u015f sorunlar\u0131n\u0131 \u00f6nlemeye yard\u0131mc\u0131 olurlar.<\/p> <p>Hem porselen inlayler hem de onlayler, di\u015f kuronundan daha az kapsaml\u0131 bir onar\u0131m gerektiren ancak di\u015f dolgusundan daha destekleyici bir \u015feye ihtiya\u00e7 duyacak kadar ciddi olan bo\u015fluklar\u0131 olan di\u015fler i\u00e7in m\u00fckemmeldir. Ayr\u0131ca restorasyon gerektiren k\u00fc\u00e7\u00fck \u00e7atlaklar\u0131 veya k\u0131r\u0131klar\u0131 olan di\u015fler i\u00e7in de \u00e7ok uygundur. Porselen inlayler ve onlayler, kendi di\u015finizin maksimum miktar\u0131n\u0131n korunmas\u0131n\u0131 sa\u011flayan bir se\u00e7imdir.<\/p> <p>Porselen inlayler ve onlayler genellikle ayn\u0131 amaca hizmet ederken, ikisi aras\u0131nda ince farklar vard\u0131r:[\/vc_column_text][\/vc_column_inner][\/vc_row_inner][vc_row_inner][vc_column_inner width=&#8221;1\/3&#8243;][vc_single_image image=&#8221;1095&#8243; img_size=&#8221;full&#8221;][\/vc_column_inner][vc_column_inner width=&#8221;2\/3&#8243;][vc_column_text]<strong>Porselen inlayler<\/strong>: \u0130nlayler di\u015fin ortas\u0131na yerle\u015ftirilerek yap\u0131\u015ft\u0131r\u0131l\u0131r. \u00c7o\u011funlukla sorunlu alanlar\u0131n s\u0131\u011f fakat geni\u015f oldu\u011fu ve di\u015fin d\u0131\u015f y\u00fczeylerine yak\u0131n oldu\u011fu \u00e7\u00fcr\u00fck veya hasarl\u0131 di\u015fler i\u00e7in kullan\u0131l\u0131rlar.<\/p> <p><strong>Porselen onlayler:<\/strong> \u00d6nceki b\u00fcy\u00fck dolgunun ba\u015far\u0131s\u0131z oldu\u011fu ve de\u011fi\u015ftirilmesi gerekti\u011finde veya onar\u0131lmas\u0131 gereken b\u00fcy\u00fck bir bo\u015fluk varsa onlayler gerekli olabilir. Onlayler ayr\u0131ca birden fazla u\u00e7taki hasar\u0131 onarmak i\u00e7in de kullan\u0131labilir.<\/p> <p>Her se\u00e7enek, kalan di\u015f yap\u0131n\u0131za daha fazla destek vererek, sonunda di\u015f kuronlar\u0131, k\u00f6pr\u00fcler veya implantlar gibi daha fazla tedaviye ihtiya\u00e7 duyma ihtimalinizi en aza indirerek yard\u0131mc\u0131 olur.<\/p> <p><strong>\u0130nlay ve Onlaylerin Dolgu ve Kuronlardan Fark\u0131 Nedir?<\/strong><\/p> <p>Di\u015f dolgular\u0131 hemen hemen her di\u015f y\u00fczeyindeki di\u015f \u00e7\u00fcr\u00fcmelerini gidermek i\u00e7in kullan\u0131l\u0131r. Di\u015f kuronlar\u0131, \u00e7\u00fcr\u00fck veya travma nedeniyle zay\u0131flam\u0131\u015f di\u015flerin \u00fczerine yerle\u015ftirilir. \u0130nlayler, di\u015f u\u00e7lar\u0131 aras\u0131ndaki \u00e7\u00fcr\u00fcmeyi giderir. Onlayler di\u015f u\u00e7lar\u0131ndaki ve \u00fczerindeki \u00e7\u00fcr\u00fcklere y\u00f6neliktir. T\u00fcm bu onar\u0131c\u0131 hizmetler aras\u0131nda \u00e7apraz uygulamalar vard\u0131r, ancak her biri \u00f6zel olarak farkl\u0131 bir ama\u00e7 i\u00e7in tasarlanm\u0131\u015ft\u0131r.[\/vc_column_text][\/vc_column_inner][\/vc_row_inner][vc_row_inner][vc_column_inner width=&#8221;2\/3&#8243;][vc_column_text]<strong>Porselen \u0130nlay ve Onlaylerin Avantajlar\u0131<\/strong><\/p> <p>Yukar\u0131da bahsedildi\u011fi gibi porselen inlayler ve onlayler, di\u015flerinizin ara restorasyonlara ihtiya\u00e7 duydu\u011fu durumlar i\u00e7in harika bir \u00e7\u00f6z\u00fcmd\u00fcr. A\u015fa\u011f\u0131dakiler d\u00e2hil bir\u00e7ok avantaj sunarlar:<\/p> <p><strong>\u00d6zel uygulama<\/strong>: \u0130nlayler ve onlayler minimum haz\u0131rl\u0131k gerektirir ve di\u015finizi m\u00fcmk\u00fcn oldu\u011funca korur. Mevcut di\u015finizin \u00f6l\u00e7\u00fcleri kullan\u0131larak di\u015finize s\u0131k\u0131ca oturacak bir kal\u0131p olu\u015fturulur.<\/p> <p><strong>Do\u011fal g\u00f6r\u00fcn\u00fcm:<\/strong> Kullan\u0131lan porselen, mevcut di\u015f renginize uygundur ve rezin dolgular\u0131n yapabildi\u011fi gibi zamanla solmas\u0131 olas\u0131 de\u011fildir.<\/p> <p><strong>Kolay temizlik:<\/strong> Tam oturmalar\u0131 nedeniyle inlayler ve onlayler t\u0131pk\u0131 do\u011fal di\u015fleriniz gibidir, ayr\u0131ca di\u015f kuronlar\u0131ndan daha az hacimlidir, f\u0131r\u00e7alamay\u0131 ve di\u015f ipi kullanmay\u0131 kolay hale getirir. Ayr\u0131ca leke tutmaz.<\/p> <p><strong>Do\u011fal his:<\/strong> Do\u011fru yap\u0131ld\u0131\u011f\u0131nda, t\u0131pk\u0131 do\u011fal di\u015fleriniz gibi hissettirir ve i\u015flev g\u00f6r\u00fcr.<\/p> <p><strong>G\u00fc\u00e7:<\/strong> Di\u015finize yap\u0131\u015ft\u0131r\u0131ld\u0131ktan sonra porselen eklemeler, hasarl\u0131 di\u015fe g\u00fc\u00e7 ve destek katar.<\/p> <p><strong>Uzun \u00f6m\u00fcrl\u00fcl\u00fck:<\/strong> Porselen malzeme olduk\u00e7a dayan\u0131kl\u0131d\u0131r ve uzun s\u00fcre dayanacak \u015fekilde yap\u0131lm\u0131\u015ft\u0131r.<\/p> <p><strong>G\u00fcvenlilik<\/strong>: Porselen malzeme s\u0131cak veya so\u011fuk yiyecek ve i\u00e7eceklerle b\u00fcz\u00fclmez veya geni\u015flemez, yani di\u015flerinizi \u00e7atlatmaz.[\/vc_column_text][\/vc_column_inner][vc_column_inner width=&#8221;1\/3&#8243;][vc_single_image image=&#8221;1097&#8243; img_size=&#8221;full&#8221;][\/vc_column_inner][\/vc_row_inner][\/vc_column][\/vc_row][\/vc_section]<\/p> <\/div>","protected":false},"excerpt":{"rendered":"[vc_section][vc_row el_class=&#8221;container_1200&#8243;][vc_column][vc_row_inner][vc_column_inner][vc_custom_heading text=&#8221;PORSELEN \u0130NLAY VE ONLAYLER&#8221; font_container=&#8221;tag:h2|font_size:48|text_align:center&#8221; use_theme_fonts=&#8221;yes&#8221; el_class=&#8221;single-page-h2&#8243;][\/vc_column_inner][\/vc_row_inner][vc_row_inner][vc_column_inner][vc_column_text]Modern kozmetik di\u015f hekimli\u011fi, bize di\u015flerinizle ilgili yap\u0131sal sorunlar\u0131 \u00e7\u00f6zmek i\u00e7in \u00f6zel yap\u0131m dolgular olu\u015fturmaya yard\u0131mc\u0131 olacak teknolojideki ilerlemeleri sa\u011flam\u0131\u015f durumda. Porselen inlay ve onlayler, di\u015finizin y\u00fczeyini onarmaya yard\u0131mc\u0131 olan do\u011fal g\u00f6r\u00fcn\u00fcml\u00fc dolgulard\u0131r. G\u00fc\u00e7l\u00fcd\u00fcrler ve gelecekteki di\u015f sorunlar\u0131n\u0131 \u00f6nlemeye yard\u0131mc\u0131 olurlar. Hem porselen inlayler hem de onlayler,&#8230; <a class=\"view-article\" href=\"https:\/\/www.anatomicaclinic.com\/tr\/dis-tedavileri\/porselen-inlay-onlay\/\">View Article<\/a>","protected":false},"author":1,"featured_media":0,"parent":328,"menu_order":0,"comment_status":"closed","ping_status":"closed","template":"","meta":{"footnotes":""},"class_list":["post-979","page","type-page","status-publish","hentry"],"yoast_head":"<!-- This site is optimized with the Yoast SEO plugin v27.0 - https:\/\/yoast.com\/product\/yoast-seo-wordpress\/ -->\n<title>Porselen \u0130nlay - Onlay - Anatomica Klinik<\/title>\n<meta name=\"description\" content=\"Porselen \u0130nlay - Onlay - Anatomica Klinik\" \/>\n<meta name=\"robots\" content=\"index, follow, max-snippet:-1, max-image-preview:large, max-video-preview:-1\" \/>\n<link rel=\"canonical\" href=\"https:\/\/www.anatomicaclinic.com\/tr\/?page_id=979\" \/>\n<meta property=\"og:locale\" content=\"tr_TR\" \/>\n<meta property=\"og:type\" content=\"article\" \/>\n<meta property=\"og:title\" content=\"Porselen \u0130nlay - Onlay - Anatomica Klinik\" \/>\n<meta property=\"og:description\" content=\"Porselen \u0130nlay - Onlay - Anatomica Klinik\" \/>\n<meta property=\"og:url\" content=\"https:\/\/www.anatomicaclinic.com\/tr\/?page_id=979\" \/>\n<meta property=\"og:site_name\" content=\"Anatomica Klinik\" \/>\n<meta property=\"article:publisher\" content=\"https:\/\/www.facebook.com\/anatomicadominican\" \/>\n<meta property=\"article:modified_time\" content=\"2026-02-11T11:45:25+00:00\" \/>\n<meta name=\"twitter:card\" content=\"summary_large_image\" \/>\n<meta name=\"twitter:label1\" content=\"Tahmini okuma s\u00fcresi\" \/>\n\t<meta name=\"twitter:data1\" content=\"4 dakika\" \/>\n<script type=\"application\/ld+json\" class=\"yoast-schema-graph\">{\"@context\":\"https:\/\/schema.org\",\"@graph\":[{\"@type\":\"WebPage\",\"@id\":\"https:\/\/www.anatomicaclinic.com\/tr\/?page_id=979\",\"url\":\"https:\/\/www.anatomicaclinic.com\/tr\/?page_id=979\",\"name\":\"Porselen \u0130nlay - Onlay - Anatomica Klinik\",\"isPartOf\":{\"@id\":\"https:\/\/www.anatomicaclinic.com\/#website\"},\"datePublished\":\"2022-06-19T18:59:51+00:00\",\"dateModified\":\"2026-02-11T11:45:25+00:00\",\"description\":\"Porselen \u0130nlay - Onlay - Anatomica Klinik\",\"breadcrumb\":{\"@id\":\"https:\/\/www.anatomicaclinic.com\/tr\/?page_id=979#breadcrumb\"},\"inLanguage\":\"tr\",\"potentialAction\":[{\"@type\":\"ReadAction\",\"target\":[\"https:\/\/www.anatomicaclinic.com\/tr\/?page_id=979\"]}]},{\"@type\":\"BreadcrumbList\",\"@id\":\"https:\/\/www.anatomicaclinic.com\/tr\/?page_id=979#breadcrumb\",\"itemListElement\":[{\"@type\":\"ListItem\",\"position\":1,\"name\":\"Anasayfa\",\"item\":\"https:\/\/www.anatomicaclinic.com\/tr\/\"},{\"@type\":\"ListItem\",\"position\":2,\"name\":\"Di\u015f Tedavileri\",\"item\":\"https:\/\/www.anatomicaclinic.com\/tr\/?page_id=328\"},{\"@type\":\"ListItem\",\"position\":3,\"name\":\"Porselen \u0130nlay &#8211; Onlay\"}]},{\"@type\":\"WebSite\",\"@id\":\"https:\/\/www.anatomicaclinic.com\/#website\",\"url\":\"https:\/\/www.anatomicaclinic.com\/\",\"name\":\"Anatomica Clinic\",\"description\":\"Anatomica\",\"publisher\":{\"@id\":\"https:\/\/www.anatomicaclinic.com\/#organization\"},\"alternateName\":\"Anatomica Clinic International\",\"potentialAction\":[{\"@type\":\"SearchAction\",\"target\":{\"@type\":\"EntryPoint\",\"urlTemplate\":\"https:\/\/www.anatomicaclinic.com\/?s={search_term_string}\"},\"query-input\":{\"@type\":\"PropertyValueSpecification\",\"valueRequired\":true,\"valueName\":\"search_term_string\"}}],\"inLanguage\":\"tr\"},{\"@type\":\"Organization\",\"@id\":\"https:\/\/www.anatomicaclinic.com\/#organization\",\"name\":\"Anatomica Clinic Dominicana\",\"url\":\"https:\/\/www.anatomicaclinic.com\/\",\"logo\":{\"@type\":\"ImageObject\",\"inLanguage\":\"tr\",\"@id\":\"https:\/\/www.anatomicaclinic.com\/#\/schema\/logo\/image\/\",\"url\":\"https:\/\/www.anatomicaclinic.com\/wp-content\/uploads\/2023\/11\/8aa015e1-a0cd-4d48-b1d5-c9598cbdad99.jpg\",\"contentUrl\":\"https:\/\/www.anatomicaclinic.com\/wp-content\/uploads\/2023\/11\/8aa015e1-a0cd-4d48-b1d5-c9598cbdad99.jpg\",\"width\":1600,\"height\":1600,\"caption\":\"Anatomica Clinic Dominicana\"},\"image\":{\"@id\":\"https:\/\/www.anatomicaclinic.com\/#\/schema\/logo\/image\/\"},\"sameAs\":[\"https:\/\/www.facebook.com\/anatomicadominican\",\"https:\/\/instagram.com\/anatomicadominican\"]}]}<\/script>\n<!-- \/ Yoast SEO plugin. -->","yoast_head_json":{"title":"Porselen \u0130nlay - Onlay - Anatomica Klinik","description":"Porselen \u0130nlay - Onlay - Anatomica Klinik","robots":{"index":"index","follow":"follow","max-snippet":"max-snippet:-1","max-image-preview":"max-image-preview:large","max-video-preview":"max-video-preview:-1"},"canonical":"https:\/\/www.anatomicaclinic.com\/tr\/?page_id=979","og_locale":"tr_TR","og_type":"article","og_title":"Porselen \u0130nlay - Onlay - Anatomica Klinik","og_description":"Porselen \u0130nlay - Onlay - Anatomica Klinik","og_url":"https:\/\/www.anatomicaclinic.com\/tr\/?page_id=979","og_site_name":"Anatomica Klinik","article_publisher":"https:\/\/www.facebook.com\/anatomicadominican","article_modified_time":"2026-02-11T11:45:25+00:00","twitter_card":"summary_large_image","twitter_misc":{"Tahmini okuma s\u00fcresi":"4 dakika"},"schema":{"@context":"https:\/\/schema.org","@graph":[{"@type":"WebPage","@id":"https:\/\/www.anatomicaclinic.com\/tr\/?page_id=979","url":"https:\/\/www.anatomicaclinic.com\/tr\/?page_id=979","name":"Porselen \u0130nlay - Onlay - Anatomica Klinik","isPartOf":{"@id":"https:\/\/www.anatomicaclinic.com\/#website"},"datePublished":"2022-06-19T18:59:51+00:00","dateModified":"2026-02-11T11:45:25+00:00","description":"Porselen \u0130nlay - Onlay - Anatomica Klinik","breadcrumb":{"@id":"https:\/\/www.anatomicaclinic.com\/tr\/?page_id=979#breadcrumb"},"inLanguage":"tr","potentialAction":[{"@type":"ReadAction","target":["https:\/\/www.anatomicaclinic.com\/tr\/?page_id=979"]}]},{"@type":"BreadcrumbList","@id":"https:\/\/www.anatomicaclinic.com\/tr\/?page_id=979#breadcrumb","itemListElement":[{"@type":"ListItem","position":1,"name":"Anasayfa","item":"https:\/\/www.anatomicaclinic.com\/tr\/"},{"@type":"ListItem","position":2,"name":"Di\u015f Tedavileri","item":"https:\/\/www.anatomicaclinic.com\/tr\/?page_id=328"},{"@type":"ListItem","position":3,"name":"Porselen \u0130nlay &#8211; Onlay"}]},{"@type":"WebSite","@id":"https:\/\/www.anatomicaclinic.com\/#website","url":"https:\/\/www.anatomicaclinic.com\/","name":"Anatomica Clinic","description":"Anatomica","publisher":{"@id":"https:\/\/www.anatomicaclinic.com\/#organization"},"alternateName":"Anatomica Clinic International","potentialAction":[{"@type":"SearchAction","target":{"@type":"EntryPoint","urlTemplate":"https:\/\/www.anatomicaclinic.com\/?s={search_term_string}"},"query-input":{"@type":"PropertyValueSpecification","valueRequired":true,"valueName":"search_term_string"}}],"inLanguage":"tr"},{"@type":"Organization","@id":"https:\/\/www.anatomicaclinic.com\/#organization","name":"Anatomica Clinic Dominicana","url":"https:\/\/www.anatomicaclinic.com\/","logo":{"@type":"ImageObject","inLanguage":"tr","@id":"https:\/\/www.anatomicaclinic.com\/#\/schema\/logo\/image\/","url":"https:\/\/www.anatomicaclinic.com\/wp-content\/uploads\/2023\/11\/8aa015e1-a0cd-4d48-b1d5-c9598cbdad99.jpg","contentUrl":"https:\/\/www.anatomicaclinic.com\/wp-content\/uploads\/2023\/11\/8aa015e1-a0cd-4d48-b1d5-c9598cbdad99.jpg","width":1600,"height":1600,"caption":"Anatomica Clinic Dominicana"},"image":{"@id":"https:\/\/www.anatomicaclinic.com\/#\/schema\/logo\/image\/"},"sameAs":["https:\/\/www.facebook.com\/anatomicadominican","https:\/\/instagram.com\/anatomicadominican"]}]}},"_links":{"self":[{"href":"https:\/\/www.anatomicaclinic.com\/tr\/wp-json\/wp\/v2\/pages\/979","targetHints":{"allow":["GET"]}}],"collection":[{"href":"https:\/\/www.anatomicaclinic.com\/tr\/wp-json\/wp\/v2\/pages"}],"about":[{"href":"https:\/\/www.anatomicaclinic.com\/tr\/wp-json\/wp\/v2\/types\/page"}],"author":[{"embeddable":true,"href":"https:\/\/www.anatomicaclinic.com\/tr\/wp-json\/wp\/v2\/users\/1"}],"replies":[{"embeddable":true,"href":"https:\/\/www.anatomicaclinic.com\/tr\/wp-json\/wp\/v2\/comments?post=979"}],"version-history":[{"count":1,"href":"https:\/\/www.anatomicaclinic.com\/tr\/wp-json\/wp\/v2\/pages\/979\/revisions"}],"predecessor-version":[{"id":8700,"href":"https:\/\/www.anatomicaclinic.com\/tr\/wp-json\/wp\/v2\/pages\/979\/revisions\/8700"}],"up":[{"embeddable":true,"href":"https:\/\/www.anatomicaclinic.com\/tr\/wp-json\/wp\/v2\/pages\/328"}],"wp:attachment":[{"href":"https:\/\/www.anatomicaclinic.com\/tr\/wp-json\/wp\/v2\/media?parent=979"}],"curies":[{"name":"wp","href":"https:\/\/api.w.org\/{rel}","templated":true}]}}