{"id":983,"date":"2022-06-19T19:00:31","date_gmt":"2022-06-19T19:00:31","guid":{"rendered":"https:\/\/www.anatomicaclinic.com\/?page_id=983"},"modified":"2026-02-11T11:45:25","modified_gmt":"2026-02-11T11:45:25","slug":"mine-sekillendirme","status":"publish","type":"page","link":"https:\/\/www.anatomicaclinic.com\/tr\/dis-tedavileri\/mine-sekillendirme\/","title":{"rendered":"Mine \u015eekillendirme"},"content":{"rendered":"<div class=\"wpb-content-wrapper\"><p>[vc_section][vc_row el_class=&#8221;container_1200&#8243;][vc_column][vc_row_inner][vc_column_inner][vc_custom_heading text=&#8221;M\u0130NE VE D\u0130\u015e \u015eEK\u0130LLEND\u0130RME&#8221; font_container=&#8221;tag:h2|font_size:48|text_align:center&#8221; use_theme_fonts=&#8221;yes&#8221; el_class=&#8221;single-page-h2&#8243;][\/vc_column_inner][\/vc_row_inner][vc_row_inner][vc_column_inner][vc_column_text]\u015eekilsiz veya uyumsuz di\u015fler, gerekti\u011fi kadar g\u00fcl\u00fcmsemenizi engelleyebilecek ho\u015f olmayan bir g\u00f6r\u00fcn\u00fcme sahip olabilir. Mine \u015fekillendirme, k\u00fc\u00e7\u00fck kusurlar\u0131 d\u00fczeltmek ve di\u015flerinizin genel g\u00f6r\u00fcn\u00fcm\u00fcn\u00fc iyile\u015ftirmek i\u00e7in di\u015f minesini yeniden \u015fekillendiren kozmetik bir di\u015f prosed\u00fcr\u00fcd\u00fcr. Baz\u0131 durumlarda, di\u015fleri \u015fekillendirmek i\u00e7in kozmetik yap\u0131\u015ft\u0131rma ile koordineli olarak mine konturlama i\u015flemleri de kullan\u0131labilir. A\u015fa\u011f\u0131daki durumlarda mine \u015fekillendirme sizin i\u00e7in do\u011fru olabilir:[\/vc_column_text][\/vc_column_inner][\/vc_row_inner][vc_row_inner][vc_column_inner width=&#8221;1\/3&#8243;][vc_single_image image=&#8221;1125&#8243; img_size=&#8221;full&#8221;][\/vc_column_inner][vc_column_inner width=&#8221;2\/3&#8243;][vc_column_text]<strong>Di\u015fleriniz uzunsa<\/strong><\/p> <p>Di\u015fleriniz normalden uzun g\u00f6r\u00fcn\u00fcyorsa, uzunlu\u011fu azaltmak i\u00e7in mine konturlama yap\u0131labilir. Ancak normalden daha uzun g\u00f6r\u00fcnen di\u015fler di\u015f eti hastal\u0131\u011f\u0131n\u0131n neden oldu\u011fu di\u015f eti \u00e7ekilmesinin de bir i\u015fareti olabilir. Bu nedenle, di\u015f hekiminizin tedaviye devam etmeden \u00f6nce nedeni belirlemesi gerekecektir.<\/p> <p><strong>Di\u015fleriniz d\u00fczensizse<\/strong><\/p> <p>Mine \u015fekillendirme, di\u015fleri e\u015fit olmayan b\u00fcy\u00fckl\u00fckte olan ki\u015filer i\u00e7in idealdir. Farkl\u0131 boyutlarda birden fazla di\u015f oldu\u011funda baz\u0131 di\u015flerin boyu k\u00fc\u00e7\u00fcl\u00fcrken baz\u0131lar\u0131na kompozit malzeme eklenebilir. Sonu\u00e7, uygun boyutta ve e\u015fit \u00e7izgide di\u015flerdir.<\/p> <p><strong>K\u00fc\u00e7\u00fck kusurlar\u0131n\u0131z varsa<\/strong><\/p> <p>Mine \u015fekillendirme, di\u015flerinizin \u015feklinde ve\/veya uzunlu\u011funda k\u00fc\u00e7\u00fck ayarlamalar yapmak i\u00e7in idealdir. Bunun nedeni di\u015f hekiminizin \u00e7\u0131karabilece\u011fi mine miktar\u0131n\u0131n s\u0131n\u0131rl\u0131 olmas\u0131d\u0131r. Ne yaz\u0131k ki, di\u015f minesine \u00e7ok fazla m\u00fcdahale etmek, di\u015flerinizi zay\u0131flatabilir ve onlar\u0131 \u00e7\u00fcr\u00fcmeye kar\u015f\u0131 daha duyarl\u0131 hale getirebilir. Bu nedenle daha ciddi kusurlar, kaplama gibi farkl\u0131 bir yakla\u015f\u0131m gerektirebilir.<\/p> <p><strong>H\u0131zl\u0131 sonu\u00e7lar istiyorsan\u0131z<\/strong><\/p> <p>Mine \u015fekillendirme, tek bir di\u015f randevusu s\u0131ras\u0131nda yap\u0131labilir. \u0130htiya\u00e7 duyulan \u015fekillendirme miktar\u0131na ba\u011fl\u0131 olarak, \u00e7o\u011fu randevu yakla\u015f\u0131k 30-45 dakika i\u00e7inde tamamlanabilir. Ancak kompozit malzeme ilavesi gerektiren randevular, kompozit bir seferde tek kat uygulan\u0131p sertle\u015ftirildi\u011fi i\u00e7in daha uzun s\u00fcrebilir.<\/p> <p>[\/vc_column_text][\/vc_column_inner][\/vc_row_inner][vc_row_inner][vc_column_inner width=&#8221;2\/3&#8243;][vc_column_text]<strong>Kal\u0131c\u0131 sonu\u00e7lar istiyorsan\u0131z<\/strong><\/p> <p>Di\u015f minesi yeniden b\u00fcy\u00fcmez, bu da di\u015f mineniz yeniden \u015fekillendirildikten sonra sonu\u00e7lar\u0131n kal\u0131c\u0131 oldu\u011fu anlam\u0131na gelir. Bununla birlikte, di\u015flerinize malzeme eklemek i\u00e7in kozmetik yap\u0131\u015ft\u0131rma kullan\u0131lm\u0131\u015fsa, bu malzemenin y\u0131prand\u0131\u011f\u0131nda de\u011fi\u015ftirilmesi gerekecektir. Ortalama olarak, kompozit malzemeler uygun \u015fekilde bak\u0131m yap\u0131l\u0131rsa yakla\u015f\u0131k 5-7 y\u0131l dayanabilir.<\/p> <p><strong>\u0130nvaziv olmayan bir prosed\u00fcr istiyorsan\u0131z<\/strong><\/p> <p>Mine \u015fekillendirme sadece di\u015flerinizin en d\u0131\u015f tabakas\u0131n\u0131 etkiledi\u011finden, invaziv olmayan bir kozmetik di\u015f tedavisi olarak kabul edilir. Ayr\u0131ca, di\u015f minesi \u015fekillendirme prosed\u00fcr\u00fc s\u0131ras\u0131nda di\u015f anesteziklerinin kullan\u0131m\u0131na genellikle ihtiya\u00e7 duyulmaz.<\/p> <p><strong>A\u011f\u0131z sa\u011fl\u0131\u011f\u0131n\u0131z\u0131 iyile\u015ftirmek istiyorsan\u0131z<\/strong><\/p> <p>Mine \u015fekillendirmenin sadece estetik faydalardan fazlas\u0131n\u0131 sunabilece\u011fi baz\u0131 durumlar vard\u0131r. \u00d6rne\u011fin, k\u00fc\u00e7\u00fck \u00fcst \u00fcste binmeleri d\u00fczeltmek, o b\u00f6lgedeki plak birikimini azaltabilir. Bu da di\u015f \u00e7\u00fcr\u00fcmesi ve di\u015f eti hastal\u0131\u011f\u0131 riskinizi azalt\u0131r.[\/vc_column_text][\/vc_column_inner][vc_column_inner width=&#8221;1\/3&#8243;][vc_single_image image=&#8221;1127&#8243; img_size=&#8221;full&#8221;][\/vc_column_inner][\/vc_row_inner][\/vc_column][\/vc_row][\/vc_section]<\/p> <\/div>","protected":false},"excerpt":{"rendered":"[vc_section][vc_row el_class=&#8221;container_1200&#8243;][vc_column][vc_row_inner][vc_column_inner][vc_custom_heading text=&#8221;M\u0130NE VE D\u0130\u015e \u015eEK\u0130LLEND\u0130RME&#8221; font_container=&#8221;tag:h2|font_size:48|text_align:center&#8221; use_theme_fonts=&#8221;yes&#8221; el_class=&#8221;single-page-h2&#8243;][\/vc_column_inner][\/vc_row_inner][vc_row_inner][vc_column_inner][vc_column_text]\u015eekilsiz veya uyumsuz di\u015fler, gerekti\u011fi kadar g\u00fcl\u00fcmsemenizi engelleyebilecek ho\u015f olmayan bir g\u00f6r\u00fcn\u00fcme sahip olabilir. Mine \u015fekillendirme, k\u00fc\u00e7\u00fck kusurlar\u0131 d\u00fczeltmek ve di\u015flerinizin genel g\u00f6r\u00fcn\u00fcm\u00fcn\u00fc iyile\u015ftirmek i\u00e7in di\u015f minesini yeniden \u015fekillendiren kozmetik bir di\u015f prosed\u00fcr\u00fcd\u00fcr. Baz\u0131 durumlarda, di\u015fleri \u015fekillendirmek i\u00e7in kozmetik yap\u0131\u015ft\u0131rma ile koordineli olarak mine konturlama i\u015flemleri de&#8230; <a class=\"view-article\" href=\"https:\/\/www.anatomicaclinic.com\/tr\/dis-tedavileri\/mine-sekillendirme\/\">View Article<\/a>","protected":false},"author":1,"featured_media":0,"parent":328,"menu_order":0,"comment_status":"closed","ping_status":"closed","template":"","meta":{"footnotes":""},"class_list":["post-983","page","type-page","status-publish","hentry"],"yoast_head":"<!-- This site is optimized with the Yoast SEO plugin v27.0 - https:\/\/yoast.com\/product\/yoast-seo-wordpress\/ -->\n<title>Mine \u015eekillendirme - Anatomica Klinik<\/title>\n<meta name=\"description\" content=\"Mine \u015eekillendirme - Anatomica Klinik\" \/>\n<meta name=\"robots\" content=\"index, follow, max-snippet:-1, max-image-preview:large, max-video-preview:-1\" \/>\n<link rel=\"canonical\" href=\"https:\/\/www.anatomicaclinic.com\/tr\/?page_id=983\" \/>\n<meta property=\"og:locale\" content=\"tr_TR\" \/>\n<meta property=\"og:type\" content=\"article\" \/>\n<meta property=\"og:title\" content=\"Mine \u015eekillendirme - Anatomica Klinik\" \/>\n<meta property=\"og:description\" content=\"Mine \u015eekillendirme - Anatomica Klinik\" \/>\n<meta property=\"og:url\" content=\"https:\/\/www.anatomicaclinic.com\/tr\/?page_id=983\" \/>\n<meta property=\"og:site_name\" content=\"Anatomica Klinik\" \/>\n<meta property=\"article:publisher\" content=\"https:\/\/www.facebook.com\/anatomicadominican\" \/>\n<meta property=\"article:modified_time\" content=\"2026-02-11T11:45:25+00:00\" \/>\n<meta name=\"twitter:card\" content=\"summary_large_image\" \/>\n<meta name=\"twitter:label1\" content=\"Tahmini okuma s\u00fcresi\" \/>\n\t<meta name=\"twitter:data1\" content=\"3 dakika\" \/>\n<script type=\"application\/ld+json\" class=\"yoast-schema-graph\">{\"@context\":\"https:\/\/schema.org\",\"@graph\":[{\"@type\":\"WebPage\",\"@id\":\"https:\/\/www.anatomicaclinic.com\/tr\/?page_id=983\",\"url\":\"https:\/\/www.anatomicaclinic.com\/tr\/?page_id=983\",\"name\":\"Mine \u015eekillendirme - Anatomica Klinik\",\"isPartOf\":{\"@id\":\"https:\/\/www.anatomicaclinic.com\/#website\"},\"datePublished\":\"2022-06-19T19:00:31+00:00\",\"dateModified\":\"2026-02-11T11:45:25+00:00\",\"description\":\"Mine \u015eekillendirme - Anatomica Klinik\",\"breadcrumb\":{\"@id\":\"https:\/\/www.anatomicaclinic.com\/tr\/?page_id=983#breadcrumb\"},\"inLanguage\":\"tr\",\"potentialAction\":[{\"@type\":\"ReadAction\",\"target\":[\"https:\/\/www.anatomicaclinic.com\/tr\/?page_id=983\"]}]},{\"@type\":\"BreadcrumbList\",\"@id\":\"https:\/\/www.anatomicaclinic.com\/tr\/?page_id=983#breadcrumb\",\"itemListElement\":[{\"@type\":\"ListItem\",\"position\":1,\"name\":\"Anasayfa\",\"item\":\"https:\/\/www.anatomicaclinic.com\/tr\/\"},{\"@type\":\"ListItem\",\"position\":2,\"name\":\"Di\u015f Tedavileri\",\"item\":\"https:\/\/www.anatomicaclinic.com\/tr\/?page_id=328\"},{\"@type\":\"ListItem\",\"position\":3,\"name\":\"Mine \u015eekillendirme\"}]},{\"@type\":\"WebSite\",\"@id\":\"https:\/\/www.anatomicaclinic.com\/#website\",\"url\":\"https:\/\/www.anatomicaclinic.com\/\",\"name\":\"Anatomica Clinic\",\"description\":\"Anatomica\",\"publisher\":{\"@id\":\"https:\/\/www.anatomicaclinic.com\/#organization\"},\"alternateName\":\"Anatomica Clinic International\",\"potentialAction\":[{\"@type\":\"SearchAction\",\"target\":{\"@type\":\"EntryPoint\",\"urlTemplate\":\"https:\/\/www.anatomicaclinic.com\/?s={search_term_string}\"},\"query-input\":{\"@type\":\"PropertyValueSpecification\",\"valueRequired\":true,\"valueName\":\"search_term_string\"}}],\"inLanguage\":\"tr\"},{\"@type\":\"Organization\",\"@id\":\"https:\/\/www.anatomicaclinic.com\/#organization\",\"name\":\"Anatomica Clinic Dominicana\",\"url\":\"https:\/\/www.anatomicaclinic.com\/\",\"logo\":{\"@type\":\"ImageObject\",\"inLanguage\":\"tr\",\"@id\":\"https:\/\/www.anatomicaclinic.com\/#\/schema\/logo\/image\/\",\"url\":\"https:\/\/www.anatomicaclinic.com\/wp-content\/uploads\/2023\/11\/8aa015e1-a0cd-4d48-b1d5-c9598cbdad99.jpg\",\"contentUrl\":\"https:\/\/www.anatomicaclinic.com\/wp-content\/uploads\/2023\/11\/8aa015e1-a0cd-4d48-b1d5-c9598cbdad99.jpg\",\"width\":1600,\"height\":1600,\"caption\":\"Anatomica Clinic Dominicana\"},\"image\":{\"@id\":\"https:\/\/www.anatomicaclinic.com\/#\/schema\/logo\/image\/\"},\"sameAs\":[\"https:\/\/www.facebook.com\/anatomicadominican\",\"https:\/\/instagram.com\/anatomicadominican\"]}]}<\/script>\n<!-- \/ Yoast SEO plugin. -->","yoast_head_json":{"title":"Mine \u015eekillendirme - Anatomica Klinik","description":"Mine \u015eekillendirme - Anatomica Klinik","robots":{"index":"index","follow":"follow","max-snippet":"max-snippet:-1","max-image-preview":"max-image-preview:large","max-video-preview":"max-video-preview:-1"},"canonical":"https:\/\/www.anatomicaclinic.com\/tr\/?page_id=983","og_locale":"tr_TR","og_type":"article","og_title":"Mine \u015eekillendirme - Anatomica Klinik","og_description":"Mine \u015eekillendirme - Anatomica Klinik","og_url":"https:\/\/www.anatomicaclinic.com\/tr\/?page_id=983","og_site_name":"Anatomica Klinik","article_publisher":"https:\/\/www.facebook.com\/anatomicadominican","article_modified_time":"2026-02-11T11:45:25+00:00","twitter_card":"summary_large_image","twitter_misc":{"Tahmini okuma s\u00fcresi":"3 dakika"},"schema":{"@context":"https:\/\/schema.org","@graph":[{"@type":"WebPage","@id":"https:\/\/www.anatomicaclinic.com\/tr\/?page_id=983","url":"https:\/\/www.anatomicaclinic.com\/tr\/?page_id=983","name":"Mine \u015eekillendirme - Anatomica Klinik","isPartOf":{"@id":"https:\/\/www.anatomicaclinic.com\/#website"},"datePublished":"2022-06-19T19:00:31+00:00","dateModified":"2026-02-11T11:45:25+00:00","description":"Mine \u015eekillendirme - Anatomica Klinik","breadcrumb":{"@id":"https:\/\/www.anatomicaclinic.com\/tr\/?page_id=983#breadcrumb"},"inLanguage":"tr","potentialAction":[{"@type":"ReadAction","target":["https:\/\/www.anatomicaclinic.com\/tr\/?page_id=983"]}]},{"@type":"BreadcrumbList","@id":"https:\/\/www.anatomicaclinic.com\/tr\/?page_id=983#breadcrumb","itemListElement":[{"@type":"ListItem","position":1,"name":"Anasayfa","item":"https:\/\/www.anatomicaclinic.com\/tr\/"},{"@type":"ListItem","position":2,"name":"Di\u015f Tedavileri","item":"https:\/\/www.anatomicaclinic.com\/tr\/?page_id=328"},{"@type":"ListItem","position":3,"name":"Mine \u015eekillendirme"}]},{"@type":"WebSite","@id":"https:\/\/www.anatomicaclinic.com\/#website","url":"https:\/\/www.anatomicaclinic.com\/","name":"Anatomica Clinic","description":"Anatomica","publisher":{"@id":"https:\/\/www.anatomicaclinic.com\/#organization"},"alternateName":"Anatomica Clinic International","potentialAction":[{"@type":"SearchAction","target":{"@type":"EntryPoint","urlTemplate":"https:\/\/www.anatomicaclinic.com\/?s={search_term_string}"},"query-input":{"@type":"PropertyValueSpecification","valueRequired":true,"valueName":"search_term_string"}}],"inLanguage":"tr"},{"@type":"Organization","@id":"https:\/\/www.anatomicaclinic.com\/#organization","name":"Anatomica Clinic Dominicana","url":"https:\/\/www.anatomicaclinic.com\/","logo":{"@type":"ImageObject","inLanguage":"tr","@id":"https:\/\/www.anatomicaclinic.com\/#\/schema\/logo\/image\/","url":"https:\/\/www.anatomicaclinic.com\/wp-content\/uploads\/2023\/11\/8aa015e1-a0cd-4d48-b1d5-c9598cbdad99.jpg","contentUrl":"https:\/\/www.anatomicaclinic.com\/wp-content\/uploads\/2023\/11\/8aa015e1-a0cd-4d48-b1d5-c9598cbdad99.jpg","width":1600,"height":1600,"caption":"Anatomica Clinic Dominicana"},"image":{"@id":"https:\/\/www.anatomicaclinic.com\/#\/schema\/logo\/image\/"},"sameAs":["https:\/\/www.facebook.com\/anatomicadominican","https:\/\/instagram.com\/anatomicadominican"]}]}},"_links":{"self":[{"href":"https:\/\/www.anatomicaclinic.com\/tr\/wp-json\/wp\/v2\/pages\/983","targetHints":{"allow":["GET"]}}],"collection":[{"href":"https:\/\/www.anatomicaclinic.com\/tr\/wp-json\/wp\/v2\/pages"}],"about":[{"href":"https:\/\/www.anatomicaclinic.com\/tr\/wp-json\/wp\/v2\/types\/page"}],"author":[{"embeddable":true,"href":"https:\/\/www.anatomicaclinic.com\/tr\/wp-json\/wp\/v2\/users\/1"}],"replies":[{"embeddable":true,"href":"https:\/\/www.anatomicaclinic.com\/tr\/wp-json\/wp\/v2\/comments?post=983"}],"version-history":[{"count":1,"href":"https:\/\/www.anatomicaclinic.com\/tr\/wp-json\/wp\/v2\/pages\/983\/revisions"}],"predecessor-version":[{"id":8699,"href":"https:\/\/www.anatomicaclinic.com\/tr\/wp-json\/wp\/v2\/pages\/983\/revisions\/8699"}],"up":[{"embeddable":true,"href":"https:\/\/www.anatomicaclinic.com\/tr\/wp-json\/wp\/v2\/pages\/328"}],"wp:attachment":[{"href":"https:\/\/www.anatomicaclinic.com\/tr\/wp-json\/wp\/v2\/media?parent=983"}],"curies":[{"name":"wp","href":"https:\/\/api.w.org\/{rel}","templated":true}]}}