{"id":985,"date":"2022-06-19T19:00:45","date_gmt":"2022-06-19T19:00:45","guid":{"rendered":"https:\/\/www.anatomicaclinic.com\/?page_id=985"},"modified":"2026-02-11T11:45:25","modified_gmt":"2026-02-11T11:45:25","slug":"dis-eti-yapilandirma","status":"publish","type":"page","link":"https:\/\/www.anatomicaclinic.com\/tr\/dis-tedavileri\/dis-eti-yapilandirma\/","title":{"rendered":"Di\u015f Eti Yap\u0131land\u0131rma"},"content":{"rendered":"<div class=\"wpb-content-wrapper\"><p>[vc_section][vc_row el_class=&#8221;container_1200&#8243;][vc_column][vc_row_inner][vc_column_inner][vc_custom_heading text=&#8221;Di\u015f Eti Yap\u0131land\u0131rma&#8221; font_container=&#8221;tag:h2|font_size:48|text_align:center&#8221; use_theme_fonts=&#8221;yes&#8221; el_class=&#8221;single-page-h2&#8243;][\/vc_column_inner][\/vc_row_inner][vc_row_inner][vc_column_inner][vc_column_text]Di\u015f etleriniz di\u015flerinizin \u00fczerinde \u00e7ok a\u015fa\u011f\u0131da veya \u00e7ok yukar\u0131da duruyorsa ve g\u00fcl\u00fc\u015f\u00fcn\u00fczden memnun de\u011filseniz di\u015f eti \u015fekillendirme ameliyat\u0131na aday olabilirsiniz. Di\u015f eti yeniden \u015fekillendirme veya doku \u015fekillendirme olarak da adland\u0131r\u0131lan bu kozmetik di\u015f prosed\u00fcr\u00fc, d\u00fczensiz di\u015f eti \u00e7izgisini d\u00fczeltebilir ve size gurur duyabilece\u011finiz bir g\u00fcl\u00fcmseme verebilir.[\/vc_column_text][\/vc_column_inner][\/vc_row_inner][vc_row_inner][vc_column_inner width=&#8221;1\/3&#8243;][vc_single_image image=&#8221;1100&#8243; img_size=&#8221;full&#8221;][\/vc_column_inner][vc_column_inner width=&#8221;2\/3&#8243;][vc_column_text]<strong>Di\u015f Eti \u015eekillendirme Ameliyat\u0131: Gerekli mi?<\/strong><\/p> <p>Di\u015f eti \u015fekillendirme tek ba\u015f\u0131na kozmetik bir i\u015flem olarak kabul edilir. \u00c7o\u011fu zaman t\u0131bbi olarak gerekli de\u011fildir. \u00c7o\u011fu insan, g\u00fcl\u00fc\u015flerinin g\u00f6r\u00fcn\u00fcm\u00fcn\u00fc iyile\u015ftirmek i\u00e7in di\u015f etlerini yeniden \u015fekillendirir. Bununla birlikte, baz\u0131 ki\u015filer, kuron uzatma, cep k\u00fc\u00e7\u00fcltme ve rejeneratif prosed\u00fcrler gibi di\u011fer gerekli periodontal prosed\u00fcrlerin bir par\u00e7as\u0131 olarak di\u015f eti \u015fekillendirme ameliyat\u0131na tabi tutulur.<\/p> <p>Kozmetik olarak kabul edilmeyen di\u015f eti \u015fekillendirme prosed\u00fcrleri, \u00e7ekilme meydana geldi\u011finde di\u015f eti dokusu eklemeyi ve di\u015f kuronunun bir k\u0131sm\u0131n\u0131 kaplayan a\u015f\u0131r\u0131 b\u00fcy\u00fcm\u00fc\u015f dokuyu d\u00fczeltmeyi i\u00e7erir.[\/vc_column_text][\/vc_column_inner][\/vc_row_inner][vc_row_inner][vc_column_inner width=&#8221;2\/3&#8243;][vc_column_text]<strong>Ne Beklemeli?<\/strong><\/p> <p>Di\u015f eti \u015fekillendirme ameliyat\u0131 di\u015f hekiminin muayenehanesinde yap\u0131l\u0131r. \u015eu anda di\u015f hekimleri di\u015f eti \u015fekillendirme prosed\u00fcr\u00fcn\u00fc ger\u00e7ekle\u015ftirmek i\u00e7in ne\u015fter, lazer ve radyocerrahi kullan\u0131yor. Di\u015f hekiminize durumunuza en uygun tekni\u011fin hangisi oldu\u011funu sorun.<\/p> <p>Ameliyattan \u00f6nce doktorunuz i\u015flem s\u0131ras\u0131nda yapacaklar\u0131n\u0131 g\u00f6zden ge\u00e7irmelidir. \u00c7o\u011fu zaman, di\u015f hekimleri yeni di\u015f eti \u00e7izgisini i\u015faretlemek i\u00e7in bir kalem kullan\u0131r ve bir \u00e7izgi \u00e7izer. Bu sayede di\u015f etinin ne kadar al\u0131naca\u011f\u0131n\u0131 veya di\u015f eti \u00e7izgisinin nas\u0131l yeniden \u015fekillenece\u011fini tam olarak g\u00f6rebilirsiniz.<\/p> <p>B\u00f6lgeyi uyu\u015fturmak i\u00e7in lokal anestezik uygulanabilir. Bazen, en iyi uzun vadeli sonu\u00e7lar\u0131 elde etmek i\u00e7in di\u015f eti \u015fekillendirme s\u0131ras\u0131nda di\u015f k\u00f6k\u00fcn\u00fcn \u00f6n\u00fcndeki kemik de \u00e7\u0131kar\u0131lmal\u0131d\u0131r.[\/vc_column_text][\/vc_column_inner][vc_column_inner width=&#8221;1\/3&#8243;][vc_single_image image=&#8221;1102&#8243; img_size=&#8221;full&#8221;][\/vc_column_inner][\/vc_row_inner][\/vc_column][\/vc_row][\/vc_section]<\/p> <\/div>","protected":false},"excerpt":{"rendered":"[vc_section][vc_row el_class=&#8221;container_1200&#8243;][vc_column][vc_row_inner][vc_column_inner][vc_custom_heading text=&#8221;Di\u015f Eti Yap\u0131land\u0131rma&#8221; font_container=&#8221;tag:h2|font_size:48|text_align:center&#8221; use_theme_fonts=&#8221;yes&#8221; el_class=&#8221;single-page-h2&#8243;][\/vc_column_inner][\/vc_row_inner][vc_row_inner][vc_column_inner][vc_column_text]Di\u015f etleriniz di\u015flerinizin \u00fczerinde \u00e7ok a\u015fa\u011f\u0131da veya \u00e7ok yukar\u0131da duruyorsa ve g\u00fcl\u00fc\u015f\u00fcn\u00fczden memnun de\u011filseniz di\u015f eti \u015fekillendirme ameliyat\u0131na aday olabilirsiniz. Di\u015f eti yeniden \u015fekillendirme veya doku \u015fekillendirme olarak da adland\u0131r\u0131lan bu kozmetik di\u015f prosed\u00fcr\u00fc, d\u00fczensiz di\u015f eti \u00e7izgisini d\u00fczeltebilir ve size gurur duyabilece\u011finiz bir g\u00fcl\u00fcmseme verebilir.[\/vc_column_text][\/vc_column_inner][\/vc_row_inner][vc_row_inner][vc_column_inner width=&#8221;1\/3&#8243;][vc_single_image image=&#8221;1100&#8243;&#8230; <a class=\"view-article\" href=\"https:\/\/www.anatomicaclinic.com\/tr\/dis-tedavileri\/dis-eti-yapilandirma\/\">View Article<\/a>","protected":false},"author":1,"featured_media":0,"parent":328,"menu_order":0,"comment_status":"closed","ping_status":"closed","template":"","meta":{"footnotes":""},"class_list":["post-985","page","type-page","status-publish","hentry"],"yoast_head":"<!-- This site is optimized with the Yoast SEO plugin v27.0 - https:\/\/yoast.com\/product\/yoast-seo-wordpress\/ -->\n<title>Di\u015f Eti Yap\u0131land\u0131rma - Anatomica Klinik<\/title>\n<meta name=\"description\" content=\"Di\u015f Eti Yap\u0131land\u0131rma - Anatomica Klinik\" \/>\n<meta name=\"robots\" content=\"index, follow, max-snippet:-1, max-image-preview:large, max-video-preview:-1\" \/>\n<link rel=\"canonical\" href=\"https:\/\/www.anatomicaclinic.com\/tr\/?page_id=985\" \/>\n<meta property=\"og:locale\" content=\"tr_TR\" \/>\n<meta property=\"og:type\" content=\"article\" \/>\n<meta property=\"og:title\" content=\"Di\u015f Eti Yap\u0131land\u0131rma - Anatomica Klinik\" \/>\n<meta property=\"og:description\" content=\"Di\u015f Eti Yap\u0131land\u0131rma - Anatomica Klinik\" \/>\n<meta property=\"og:url\" content=\"https:\/\/www.anatomicaclinic.com\/tr\/?page_id=985\" \/>\n<meta property=\"og:site_name\" content=\"Anatomica Klinik\" \/>\n<meta property=\"article:publisher\" content=\"https:\/\/www.facebook.com\/anatomicadominican\" \/>\n<meta property=\"article:modified_time\" content=\"2026-02-11T11:45:25+00:00\" \/>\n<meta name=\"twitter:card\" content=\"summary_large_image\" \/>\n<meta name=\"twitter:label1\" content=\"Tahmini okuma s\u00fcresi\" \/>\n\t<meta name=\"twitter:data1\" content=\"2 dakika\" \/>\n<script type=\"application\/ld+json\" class=\"yoast-schema-graph\">{\"@context\":\"https:\/\/schema.org\",\"@graph\":[{\"@type\":\"WebPage\",\"@id\":\"https:\/\/www.anatomicaclinic.com\/tr\/?page_id=985\",\"url\":\"https:\/\/www.anatomicaclinic.com\/tr\/?page_id=985\",\"name\":\"Di\u015f Eti Yap\u0131land\u0131rma - Anatomica Klinik\",\"isPartOf\":{\"@id\":\"https:\/\/www.anatomicaclinic.com\/#website\"},\"datePublished\":\"2022-06-19T19:00:45+00:00\",\"dateModified\":\"2026-02-11T11:45:25+00:00\",\"description\":\"Di\u015f Eti Yap\u0131land\u0131rma - Anatomica Klinik\",\"breadcrumb\":{\"@id\":\"https:\/\/www.anatomicaclinic.com\/tr\/?page_id=985#breadcrumb\"},\"inLanguage\":\"tr\",\"potentialAction\":[{\"@type\":\"ReadAction\",\"target\":[\"https:\/\/www.anatomicaclinic.com\/tr\/?page_id=985\"]}]},{\"@type\":\"BreadcrumbList\",\"@id\":\"https:\/\/www.anatomicaclinic.com\/tr\/?page_id=985#breadcrumb\",\"itemListElement\":[{\"@type\":\"ListItem\",\"position\":1,\"name\":\"Anasayfa\",\"item\":\"https:\/\/www.anatomicaclinic.com\/tr\/\"},{\"@type\":\"ListItem\",\"position\":2,\"name\":\"Di\u015f Tedavileri\",\"item\":\"https:\/\/www.anatomicaclinic.com\/tr\/?page_id=328\"},{\"@type\":\"ListItem\",\"position\":3,\"name\":\"Di\u015f Eti Yap\u0131land\u0131rma\"}]},{\"@type\":\"WebSite\",\"@id\":\"https:\/\/www.anatomicaclinic.com\/#website\",\"url\":\"https:\/\/www.anatomicaclinic.com\/\",\"name\":\"Anatomica Clinic\",\"description\":\"Anatomica\",\"publisher\":{\"@id\":\"https:\/\/www.anatomicaclinic.com\/#organization\"},\"alternateName\":\"Anatomica Clinic International\",\"potentialAction\":[{\"@type\":\"SearchAction\",\"target\":{\"@type\":\"EntryPoint\",\"urlTemplate\":\"https:\/\/www.anatomicaclinic.com\/?s={search_term_string}\"},\"query-input\":{\"@type\":\"PropertyValueSpecification\",\"valueRequired\":true,\"valueName\":\"search_term_string\"}}],\"inLanguage\":\"tr\"},{\"@type\":\"Organization\",\"@id\":\"https:\/\/www.anatomicaclinic.com\/#organization\",\"name\":\"Anatomica Clinic Dominicana\",\"url\":\"https:\/\/www.anatomicaclinic.com\/\",\"logo\":{\"@type\":\"ImageObject\",\"inLanguage\":\"tr\",\"@id\":\"https:\/\/www.anatomicaclinic.com\/#\/schema\/logo\/image\/\",\"url\":\"https:\/\/www.anatomicaclinic.com\/wp-content\/uploads\/2023\/11\/8aa015e1-a0cd-4d48-b1d5-c9598cbdad99.jpg\",\"contentUrl\":\"https:\/\/www.anatomicaclinic.com\/wp-content\/uploads\/2023\/11\/8aa015e1-a0cd-4d48-b1d5-c9598cbdad99.jpg\",\"width\":1600,\"height\":1600,\"caption\":\"Anatomica Clinic Dominicana\"},\"image\":{\"@id\":\"https:\/\/www.anatomicaclinic.com\/#\/schema\/logo\/image\/\"},\"sameAs\":[\"https:\/\/www.facebook.com\/anatomicadominican\",\"https:\/\/instagram.com\/anatomicadominican\"]}]}<\/script>\n<!-- \/ Yoast SEO plugin. -->","yoast_head_json":{"title":"Di\u015f Eti Yap\u0131land\u0131rma - Anatomica Klinik","description":"Di\u015f Eti Yap\u0131land\u0131rma - Anatomica Klinik","robots":{"index":"index","follow":"follow","max-snippet":"max-snippet:-1","max-image-preview":"max-image-preview:large","max-video-preview":"max-video-preview:-1"},"canonical":"https:\/\/www.anatomicaclinic.com\/tr\/?page_id=985","og_locale":"tr_TR","og_type":"article","og_title":"Di\u015f Eti Yap\u0131land\u0131rma - Anatomica Klinik","og_description":"Di\u015f Eti Yap\u0131land\u0131rma - Anatomica Klinik","og_url":"https:\/\/www.anatomicaclinic.com\/tr\/?page_id=985","og_site_name":"Anatomica Klinik","article_publisher":"https:\/\/www.facebook.com\/anatomicadominican","article_modified_time":"2026-02-11T11:45:25+00:00","twitter_card":"summary_large_image","twitter_misc":{"Tahmini okuma s\u00fcresi":"2 dakika"},"schema":{"@context":"https:\/\/schema.org","@graph":[{"@type":"WebPage","@id":"https:\/\/www.anatomicaclinic.com\/tr\/?page_id=985","url":"https:\/\/www.anatomicaclinic.com\/tr\/?page_id=985","name":"Di\u015f Eti Yap\u0131land\u0131rma - Anatomica Klinik","isPartOf":{"@id":"https:\/\/www.anatomicaclinic.com\/#website"},"datePublished":"2022-06-19T19:00:45+00:00","dateModified":"2026-02-11T11:45:25+00:00","description":"Di\u015f Eti Yap\u0131land\u0131rma - Anatomica Klinik","breadcrumb":{"@id":"https:\/\/www.anatomicaclinic.com\/tr\/?page_id=985#breadcrumb"},"inLanguage":"tr","potentialAction":[{"@type":"ReadAction","target":["https:\/\/www.anatomicaclinic.com\/tr\/?page_id=985"]}]},{"@type":"BreadcrumbList","@id":"https:\/\/www.anatomicaclinic.com\/tr\/?page_id=985#breadcrumb","itemListElement":[{"@type":"ListItem","position":1,"name":"Anasayfa","item":"https:\/\/www.anatomicaclinic.com\/tr\/"},{"@type":"ListItem","position":2,"name":"Di\u015f Tedavileri","item":"https:\/\/www.anatomicaclinic.com\/tr\/?page_id=328"},{"@type":"ListItem","position":3,"name":"Di\u015f Eti Yap\u0131land\u0131rma"}]},{"@type":"WebSite","@id":"https:\/\/www.anatomicaclinic.com\/#website","url":"https:\/\/www.anatomicaclinic.com\/","name":"Anatomica Clinic","description":"Anatomica","publisher":{"@id":"https:\/\/www.anatomicaclinic.com\/#organization"},"alternateName":"Anatomica Clinic International","potentialAction":[{"@type":"SearchAction","target":{"@type":"EntryPoint","urlTemplate":"https:\/\/www.anatomicaclinic.com\/?s={search_term_string}"},"query-input":{"@type":"PropertyValueSpecification","valueRequired":true,"valueName":"search_term_string"}}],"inLanguage":"tr"},{"@type":"Organization","@id":"https:\/\/www.anatomicaclinic.com\/#organization","name":"Anatomica Clinic Dominicana","url":"https:\/\/www.anatomicaclinic.com\/","logo":{"@type":"ImageObject","inLanguage":"tr","@id":"https:\/\/www.anatomicaclinic.com\/#\/schema\/logo\/image\/","url":"https:\/\/www.anatomicaclinic.com\/wp-content\/uploads\/2023\/11\/8aa015e1-a0cd-4d48-b1d5-c9598cbdad99.jpg","contentUrl":"https:\/\/www.anatomicaclinic.com\/wp-content\/uploads\/2023\/11\/8aa015e1-a0cd-4d48-b1d5-c9598cbdad99.jpg","width":1600,"height":1600,"caption":"Anatomica Clinic Dominicana"},"image":{"@id":"https:\/\/www.anatomicaclinic.com\/#\/schema\/logo\/image\/"},"sameAs":["https:\/\/www.facebook.com\/anatomicadominican","https:\/\/instagram.com\/anatomicadominican"]}]}},"_links":{"self":[{"href":"https:\/\/www.anatomicaclinic.com\/tr\/wp-json\/wp\/v2\/pages\/985","targetHints":{"allow":["GET"]}}],"collection":[{"href":"https:\/\/www.anatomicaclinic.com\/tr\/wp-json\/wp\/v2\/pages"}],"about":[{"href":"https:\/\/www.anatomicaclinic.com\/tr\/wp-json\/wp\/v2\/types\/page"}],"author":[{"embeddable":true,"href":"https:\/\/www.anatomicaclinic.com\/tr\/wp-json\/wp\/v2\/users\/1"}],"replies":[{"embeddable":true,"href":"https:\/\/www.anatomicaclinic.com\/tr\/wp-json\/wp\/v2\/comments?post=985"}],"version-history":[{"count":1,"href":"https:\/\/www.anatomicaclinic.com\/tr\/wp-json\/wp\/v2\/pages\/985\/revisions"}],"predecessor-version":[{"id":8693,"href":"https:\/\/www.anatomicaclinic.com\/tr\/wp-json\/wp\/v2\/pages\/985\/revisions\/8693"}],"up":[{"embeddable":true,"href":"https:\/\/www.anatomicaclinic.com\/tr\/wp-json\/wp\/v2\/pages\/328"}],"wp:attachment":[{"href":"https:\/\/www.anatomicaclinic.com\/tr\/wp-json\/wp\/v2\/media?parent=985"}],"curies":[{"name":"wp","href":"https:\/\/api.w.org\/{rel}","templated":true}]}}