{"id":987,"date":"2022-06-19T19:01:02","date_gmt":"2022-06-19T19:01:02","guid":{"rendered":"https:\/\/www.anatomicaclinic.com\/?page_id=987"},"modified":"2026-02-11T11:45:25","modified_gmt":"2026-02-11T11:45:25","slug":"dis-implantlari","status":"publish","type":"page","link":"https:\/\/www.anatomicaclinic.com\/tr\/dis-tedavileri\/dis-implantlari\/","title":{"rendered":"Di\u015f \u0130mplantlar\u0131"},"content":{"rendered":"<div class=\"wpb-content-wrapper\"><p>[vc_section][vc_row el_class=&#8221;container_1200&#8243;][vc_column][vc_row_inner][vc_column_inner][vc_custom_heading text=&#8221;D\u0130\u015e \u0130MPLANTLARI&#8221; font_container=&#8221;tag:h2|font_size:48|text_align:center&#8221; use_theme_fonts=&#8221;yes&#8221; el_class=&#8221;single-page-h2&#8243;][\/vc_column_inner][\/vc_row_inner][vc_row_inner][vc_column_inner][vc_column_text]Di\u015f implantlar\u0131, hastalar\u0131m\u0131z\u0131n genel sa\u011fl\u0131\u011f\u0131n\u0131 iyile\u015ftirirken, iyi g\u00f6r\u00fcnen ve do\u011fal hissettiren bir g\u00fcl\u00fcmsemeden gelen g\u00fcveni de kazanmalar\u0131na yard\u0131mc\u0131 olabilir.<\/p> <p><em>Eksik di\u015fleri dental implantlarla de\u011fi\u015ftirmenin bir\u00e7ok faydas\u0131 vard\u0131r. Ba\u015fl\u0131ca faydalar\u0131:<\/em><\/p> <ul> <li>Di\u015f kayb\u0131ndan sonra kemik yap\u0131s\u0131n\u0131n b\u00fct\u00fcnl\u00fc\u011f\u00fcn\u00fc korur.<\/li> <li>K\u00f6pr\u00fc i\u015flemine gerek olmad\u0131\u011f\u0131 i\u00e7in kom\u015fu di\u015flerin sa\u011fl\u0131\u011f\u0131n\u0131 korur.<\/li> <li>Gev\u015fek takma di\u015flerin yerini al\u0131r.<\/li> <li>Is\u0131r\u0131k kuvvetlerini a\u011f\u0131z boyunca e\u015fit olarak da\u011f\u0131t\u0131r.<\/li> <li>Do\u011fal di\u015fler gibi bir i\u015flev ve his yarat\u0131r.<\/li> <li>Hacimli protezler ortadan kald\u0131r\u0131ld\u0131\u011f\u0131ndan konu\u015fma yetene\u011fini geli\u015ftirir.<\/li> <li>Kemik kayb\u0131n\u0131 \u00f6nleyerek y\u00fcz g\u00f6r\u00fcn\u00fcm\u00fcn\u00fc iyile\u015ftirir.<\/li> <\/ul> <p><em>A\u015fa\u011f\u0131dakiler gibi sa\u011fl\u0131k sonu\u00e7lar\u0131n\u0131 \u00f6nlemek i\u00e7in eksik di\u015fleri derhal di\u015f implantlar\u0131 ile de\u011fi\u015ftirmek hayati \u00f6nem ta\u015f\u0131maktad\u0131r:<\/em><\/p> <ul> <li>Kemik kayb\u0131<\/li> <li>Di\u015flerin kaymas\u0131<\/li> <li>Di\u015flerin yer de\u011fi\u015ftirmesi sonucu \u0131s\u0131rmada de\u011fi\u015fiklik<\/li> <li>\u00c7ene eklemi sorunlar\u0131<\/li> <li>D\u00fczg\u00fcn \u00e7i\u011fnemede zorluk<\/li> <li>Kalan di\u015flerde ek stres<\/li> <\/ul> <p>[\/vc_column_text][\/vc_column_inner][\/vc_row_inner][vc_row_inner][vc_column_inner width=&#8221;1\/3&#8243;][vc_single_image image=&#8221;1105&#8243; img_size=&#8221;full&#8221;][\/vc_column_inner][vc_column_inner width=&#8221;2\/3&#8243;][vc_column_text]<strong>Di\u015f \u0130mplantlar\u0131 Nelerdir?<\/strong><\/p> <p>Di\u015f implantlar\u0131, di\u015fin ankraj k\u00f6klerinin yerine ge\u00e7en biyouyumlu titanyumdur. Di\u015f implantlar\u0131, do\u011fay\u0131 olabildi\u011fince yak\u0131ndan taklit ederek eksik di\u015fleri giderir.<\/p> <p>Ofisimizde dental implant restorasyonlar\u0131 \u00fc\u00e7 b\u00f6l\u00fcmden olu\u015fmaktad\u0131r:<\/p> <ul> <li>Titanyum, kemi\u011fe entegre implant<\/li> <li>\u0130mplant abutmenti<\/li> <li>\u0130mplant porselen kuron<\/li> <\/ul> <p><strong>Di\u015f \u0130mplant\u0131 Yerle\u015ftirme S\u00fcreci Nedir?<\/strong><\/p> <p><strong>Planlama a\u015famas\u0131<\/strong>: Planlama, s\u00fcrecin en \u00f6nemli k\u0131sm\u0131d\u0131r. Dikkatli ve ak\u0131ll\u0131ca d\u00fc\u015f\u00fcn\u00fclm\u00fc\u015f bir tedavi plan\u0131, ba\u015far\u0131 ile ba\u015far\u0131s\u0131zl\u0131k aras\u0131ndaki farkt\u0131r. Bazen kemik durumunu g\u00f6rselle\u015ftirmek i\u00e7in \u00f6zel g\u00f6r\u00fcnt\u00fclemeye ihtiya\u00e7 duyabiliriz.<\/p> <p><strong>\u0130mplant yerle\u015ftirme:<\/strong> Uzmanlar\u0131m\u0131z, implant \u00e7evresindeki di\u015f eti dokusunu olu\u015fturmak i\u00e7in di\u015f implant\u0131n\u0131 ideal noktaya yerle\u015ftirecektir.<\/p> <p><strong>Ge\u00e7ici restorasyon:<\/strong> Dental implant kolayca g\u00f6r\u00fclebilen bir b\u00f6lgedeyse, b\u00f6lge iyile\u015firken estetik ama\u00e7l\u0131 ge\u00e7ici bir restorasyon yerle\u015ftirilebilir.<\/p> <p><strong>Abutment yerle\u015ftirme:<\/strong> \u0130yile\u015fme tamamland\u0131\u011f\u0131nda, dental implant\u0131 porselen kurona ba\u011flamak i\u00e7in dental implant abutmenti yerle\u015ftirilir.<\/p> <p><strong>Porselen kuron:<\/strong> Seramik \u00fcreticisi yeni porselen kuronu tam spesifikasyonlara g\u00f6re \u00fcrettikten sonra kuronu abutmente yap\u0131\u015ft\u0131r\u0131r\u0131z.<\/p> <p><strong>Prosed\u00fcr Nas\u0131l Hissettirir?<\/strong><\/p> <p>Dental implantoloji bilimi, ilk g\u00fcnlerinden itibaren o kadar h\u0131zl\u0131 geli\u015fti ki, art\u0131k \u00e7ok \u00f6ng\u00f6r\u00fclebilir bir prosed\u00fcr haline geldi. Di\u015f implantlar\u0131 do\u011fal di\u015fler gibi hissettirir, g\u00f6r\u00fcn\u00fcr ve i\u015flev g\u00f6r\u00fcr. \u0130nsanlar genellikle di\u015f implantlar\u0131n\u0131n a\u011f\u0131zlar\u0131nda nereye yerle\u015ftirildi\u011fini bile hat\u0131rlayamad\u0131klar\u0131n\u0131 s\u00f6yl\u00fcyorlar \u00e7\u00fcnk\u00fc ger\u00e7ekten do\u011fal di\u015fleri gibi hissediyorlar.[\/vc_column_text][\/vc_column_inner][\/vc_row_inner][vc_row_inner][vc_column_inner width=&#8221;2\/3&#8243;][vc_column_text]<strong>Di\u015f \u0130mplantlar\u0131n\u0131n De\u011fi\u015ftirilmesi Gerekir mi?<\/strong><\/p> <p>Ba\u015far\u0131y\u0131 sa\u011flamak i\u00e7in do\u011fru planlaman\u0131n \u015fart oldu\u011funa inan\u0131yoruz. Di\u015flerin veya implantlar\u0131n yanl\u0131\u015f y\u00f6nde veya a\u015f\u0131r\u0131 kuvvet uygulanarak zorlanmamas\u0131 i\u00e7in a\u011f\u0131zda kuvvetlerin do\u011fru da\u011f\u0131l\u0131m\u0131n\u0131 sa\u011flamaya \u00f6zen g\u00f6steriyoruz.<\/p> <p><strong>Di\u015f \u0130mplantlar\u0131 \u00d6zel Bak\u0131m Gerektirir mi?<\/strong><\/p> <p>Di\u015f implantlar\u0131 ile ilgili uzun vadeli k\u0131s\u0131tlamalar yoktur, ancak kemik tamamen iyile\u015fene kadar dikkatli olunmal\u0131d\u0131r. Di\u015f implantlar\u0131 ba\u015far\u0131l\u0131 bir \u015fekilde restore edildi\u011finde, ilk ba\u015fta sert maddeleri \u0131s\u0131rmaktan ka\u00e7\u0131nmak \u00f6nemlidir.<\/p> <p>D\u00fc\u015f\u00fcn\u00fcn, kolunuz aylarca al\u00e7\u0131daysa hemen tenis oynamak istemezsiniz. Kemikleriniz, \u00fczerinde bu kadar \u00e7ok kuvvet olmas\u0131na al\u0131\u015f\u0131k olmayacak ve kemiklerinizin kademeli olarak yeniden e\u011fitilmesi gerekecektir. Ayn\u0131s\u0131 di\u015f implantlar\u0131 i\u00e7in de ge\u00e7erlidir.<\/p> <p>Ba\u015flang\u0131\u00e7ta yumu\u015fak bir diyet ilk iki hafta i\u00e7in en iyisidir. Bundan sonra, yava\u015f yava\u015f daha sert yiyecekler yiyebilirsiniz. Emin olun, yak\u0131nda her \u00e7e\u015fit yeme\u011fin tad\u0131n\u0131 \u00e7\u0131karabileceksiniz.<\/p> <p>Dental implantlar\u0131 temizlemenin \u00f6zel bir yolu yoktur. T\u0131pk\u0131 do\u011fal di\u015fleriniz gibi g\u00fcnde iki kez f\u0131r\u00e7alay\u0131n ve di\u015f ipi kullan\u0131n ve y\u0131lda iki kez kontrol ve temizlik i\u00e7in di\u015f hekiminizi ziyaret edin.[\/vc_column_text][\/vc_column_inner][vc_column_inner width=&#8221;1\/3&#8243;][vc_single_image image=&#8221;1107&#8243; img_size=&#8221;full&#8221;][\/vc_column_inner][\/vc_row_inner][\/vc_column][\/vc_row][\/vc_section]<\/p> <\/div>","protected":false},"excerpt":{"rendered":"[vc_section][vc_row el_class=&#8221;container_1200&#8243;][vc_column][vc_row_inner][vc_column_inner][vc_custom_heading text=&#8221;D\u0130\u015e \u0130MPLANTLARI&#8221; font_container=&#8221;tag:h2|font_size:48|text_align:center&#8221; use_theme_fonts=&#8221;yes&#8221; el_class=&#8221;single-page-h2&#8243;][\/vc_column_inner][\/vc_row_inner][vc_row_inner][vc_column_inner][vc_column_text]Di\u015f implantlar\u0131, hastalar\u0131m\u0131z\u0131n genel sa\u011fl\u0131\u011f\u0131n\u0131 iyile\u015ftirirken, iyi g\u00f6r\u00fcnen ve do\u011fal hissettiren bir g\u00fcl\u00fcmsemeden gelen g\u00fcveni de kazanmalar\u0131na yard\u0131mc\u0131 olabilir. Eksik di\u015fleri dental implantlarla de\u011fi\u015ftirmenin bir\u00e7ok faydas\u0131 vard\u0131r. Ba\u015fl\u0131ca faydalar\u0131: Di\u015f kayb\u0131ndan sonra kemik yap\u0131s\u0131n\u0131n b\u00fct\u00fcnl\u00fc\u011f\u00fcn\u00fc korur. K\u00f6pr\u00fc i\u015flemine gerek olmad\u0131\u011f\u0131 i\u00e7in kom\u015fu di\u015flerin sa\u011fl\u0131\u011f\u0131n\u0131 korur. Gev\u015fek takma di\u015flerin yerini&#8230; <a class=\"view-article\" href=\"https:\/\/www.anatomicaclinic.com\/tr\/dis-tedavileri\/dis-implantlari\/\">View Article<\/a>","protected":false},"author":1,"featured_media":0,"parent":328,"menu_order":0,"comment_status":"closed","ping_status":"closed","template":"","meta":{"footnotes":""},"class_list":["post-987","page","type-page","status-publish","hentry"],"yoast_head":"<!-- This site is optimized with the Yoast SEO plugin v27.0 - https:\/\/yoast.com\/product\/yoast-seo-wordpress\/ -->\n<title>Di\u015f \u0130mplantlar\u0131 - Anatomica Klinik<\/title>\n<meta name=\"description\" content=\"Di\u015f \u0130mplantlar\u0131 - Anatomica Klinik\" \/>\n<meta name=\"robots\" content=\"index, follow, max-snippet:-1, max-image-preview:large, max-video-preview:-1\" \/>\n<link rel=\"canonical\" href=\"https:\/\/www.anatomicaclinic.com\/tr\/?page_id=987\" \/>\n<meta property=\"og:locale\" content=\"tr_TR\" \/>\n<meta property=\"og:type\" content=\"article\" \/>\n<meta property=\"og:title\" content=\"Di\u015f \u0130mplantlar\u0131 - Anatomica Klinik\" \/>\n<meta property=\"og:description\" content=\"Di\u015f \u0130mplantlar\u0131 - Anatomica Klinik\" \/>\n<meta property=\"og:url\" content=\"https:\/\/www.anatomicaclinic.com\/tr\/?page_id=987\" \/>\n<meta property=\"og:site_name\" content=\"Anatomica Klinik\" \/>\n<meta property=\"article:publisher\" content=\"https:\/\/www.facebook.com\/anatomicadominican\" \/>\n<meta property=\"article:modified_time\" content=\"2026-02-11T11:45:25+00:00\" \/>\n<meta name=\"twitter:card\" content=\"summary_large_image\" \/>\n<meta name=\"twitter:label1\" content=\"Tahmini okuma s\u00fcresi\" \/>\n\t<meta name=\"twitter:data1\" content=\"4 dakika\" \/>\n<script type=\"application\/ld+json\" class=\"yoast-schema-graph\">{\"@context\":\"https:\/\/schema.org\",\"@graph\":[{\"@type\":\"WebPage\",\"@id\":\"https:\/\/www.anatomicaclinic.com\/tr\/?page_id=987\",\"url\":\"https:\/\/www.anatomicaclinic.com\/tr\/?page_id=987\",\"name\":\"Di\u015f \u0130mplantlar\u0131 - Anatomica Klinik\",\"isPartOf\":{\"@id\":\"https:\/\/www.anatomicaclinic.com\/#website\"},\"datePublished\":\"2022-06-19T19:01:02+00:00\",\"dateModified\":\"2026-02-11T11:45:25+00:00\",\"description\":\"Di\u015f \u0130mplantlar\u0131 - Anatomica Klinik\",\"breadcrumb\":{\"@id\":\"https:\/\/www.anatomicaclinic.com\/tr\/?page_id=987#breadcrumb\"},\"inLanguage\":\"tr\",\"potentialAction\":[{\"@type\":\"ReadAction\",\"target\":[\"https:\/\/www.anatomicaclinic.com\/tr\/?page_id=987\"]}]},{\"@type\":\"BreadcrumbList\",\"@id\":\"https:\/\/www.anatomicaclinic.com\/tr\/?page_id=987#breadcrumb\",\"itemListElement\":[{\"@type\":\"ListItem\",\"position\":1,\"name\":\"Anasayfa\",\"item\":\"https:\/\/www.anatomicaclinic.com\/tr\/\"},{\"@type\":\"ListItem\",\"position\":2,\"name\":\"Di\u015f Tedavileri\",\"item\":\"https:\/\/www.anatomicaclinic.com\/tr\/?page_id=328\"},{\"@type\":\"ListItem\",\"position\":3,\"name\":\"Di\u015f \u0130mplantlar\u0131\"}]},{\"@type\":\"WebSite\",\"@id\":\"https:\/\/www.anatomicaclinic.com\/#website\",\"url\":\"https:\/\/www.anatomicaclinic.com\/\",\"name\":\"Anatomica Clinic\",\"description\":\"Anatomica\",\"publisher\":{\"@id\":\"https:\/\/www.anatomicaclinic.com\/#organization\"},\"alternateName\":\"Anatomica Clinic International\",\"potentialAction\":[{\"@type\":\"SearchAction\",\"target\":{\"@type\":\"EntryPoint\",\"urlTemplate\":\"https:\/\/www.anatomicaclinic.com\/?s={search_term_string}\"},\"query-input\":{\"@type\":\"PropertyValueSpecification\",\"valueRequired\":true,\"valueName\":\"search_term_string\"}}],\"inLanguage\":\"tr\"},{\"@type\":\"Organization\",\"@id\":\"https:\/\/www.anatomicaclinic.com\/#organization\",\"name\":\"Anatomica Clinic Dominicana\",\"url\":\"https:\/\/www.anatomicaclinic.com\/\",\"logo\":{\"@type\":\"ImageObject\",\"inLanguage\":\"tr\",\"@id\":\"https:\/\/www.anatomicaclinic.com\/#\/schema\/logo\/image\/\",\"url\":\"https:\/\/www.anatomicaclinic.com\/wp-content\/uploads\/2023\/11\/8aa015e1-a0cd-4d48-b1d5-c9598cbdad99.jpg\",\"contentUrl\":\"https:\/\/www.anatomicaclinic.com\/wp-content\/uploads\/2023\/11\/8aa015e1-a0cd-4d48-b1d5-c9598cbdad99.jpg\",\"width\":1600,\"height\":1600,\"caption\":\"Anatomica Clinic Dominicana\"},\"image\":{\"@id\":\"https:\/\/www.anatomicaclinic.com\/#\/schema\/logo\/image\/\"},\"sameAs\":[\"https:\/\/www.facebook.com\/anatomicadominican\",\"https:\/\/instagram.com\/anatomicadominican\"]}]}<\/script>\n<!-- \/ Yoast SEO plugin. -->","yoast_head_json":{"title":"Di\u015f \u0130mplantlar\u0131 - Anatomica Klinik","description":"Di\u015f \u0130mplantlar\u0131 - Anatomica Klinik","robots":{"index":"index","follow":"follow","max-snippet":"max-snippet:-1","max-image-preview":"max-image-preview:large","max-video-preview":"max-video-preview:-1"},"canonical":"https:\/\/www.anatomicaclinic.com\/tr\/?page_id=987","og_locale":"tr_TR","og_type":"article","og_title":"Di\u015f \u0130mplantlar\u0131 - Anatomica Klinik","og_description":"Di\u015f \u0130mplantlar\u0131 - Anatomica Klinik","og_url":"https:\/\/www.anatomicaclinic.com\/tr\/?page_id=987","og_site_name":"Anatomica Klinik","article_publisher":"https:\/\/www.facebook.com\/anatomicadominican","article_modified_time":"2026-02-11T11:45:25+00:00","twitter_card":"summary_large_image","twitter_misc":{"Tahmini okuma s\u00fcresi":"4 dakika"},"schema":{"@context":"https:\/\/schema.org","@graph":[{"@type":"WebPage","@id":"https:\/\/www.anatomicaclinic.com\/tr\/?page_id=987","url":"https:\/\/www.anatomicaclinic.com\/tr\/?page_id=987","name":"Di\u015f \u0130mplantlar\u0131 - Anatomica Klinik","isPartOf":{"@id":"https:\/\/www.anatomicaclinic.com\/#website"},"datePublished":"2022-06-19T19:01:02+00:00","dateModified":"2026-02-11T11:45:25+00:00","description":"Di\u015f \u0130mplantlar\u0131 - Anatomica Klinik","breadcrumb":{"@id":"https:\/\/www.anatomicaclinic.com\/tr\/?page_id=987#breadcrumb"},"inLanguage":"tr","potentialAction":[{"@type":"ReadAction","target":["https:\/\/www.anatomicaclinic.com\/tr\/?page_id=987"]}]},{"@type":"BreadcrumbList","@id":"https:\/\/www.anatomicaclinic.com\/tr\/?page_id=987#breadcrumb","itemListElement":[{"@type":"ListItem","position":1,"name":"Anasayfa","item":"https:\/\/www.anatomicaclinic.com\/tr\/"},{"@type":"ListItem","position":2,"name":"Di\u015f Tedavileri","item":"https:\/\/www.anatomicaclinic.com\/tr\/?page_id=328"},{"@type":"ListItem","position":3,"name":"Di\u015f \u0130mplantlar\u0131"}]},{"@type":"WebSite","@id":"https:\/\/www.anatomicaclinic.com\/#website","url":"https:\/\/www.anatomicaclinic.com\/","name":"Anatomica Clinic","description":"Anatomica","publisher":{"@id":"https:\/\/www.anatomicaclinic.com\/#organization"},"alternateName":"Anatomica Clinic International","potentialAction":[{"@type":"SearchAction","target":{"@type":"EntryPoint","urlTemplate":"https:\/\/www.anatomicaclinic.com\/?s={search_term_string}"},"query-input":{"@type":"PropertyValueSpecification","valueRequired":true,"valueName":"search_term_string"}}],"inLanguage":"tr"},{"@type":"Organization","@id":"https:\/\/www.anatomicaclinic.com\/#organization","name":"Anatomica Clinic Dominicana","url":"https:\/\/www.anatomicaclinic.com\/","logo":{"@type":"ImageObject","inLanguage":"tr","@id":"https:\/\/www.anatomicaclinic.com\/#\/schema\/logo\/image\/","url":"https:\/\/www.anatomicaclinic.com\/wp-content\/uploads\/2023\/11\/8aa015e1-a0cd-4d48-b1d5-c9598cbdad99.jpg","contentUrl":"https:\/\/www.anatomicaclinic.com\/wp-content\/uploads\/2023\/11\/8aa015e1-a0cd-4d48-b1d5-c9598cbdad99.jpg","width":1600,"height":1600,"caption":"Anatomica Clinic Dominicana"},"image":{"@id":"https:\/\/www.anatomicaclinic.com\/#\/schema\/logo\/image\/"},"sameAs":["https:\/\/www.facebook.com\/anatomicadominican","https:\/\/instagram.com\/anatomicadominican"]}]}},"_links":{"self":[{"href":"https:\/\/www.anatomicaclinic.com\/tr\/wp-json\/wp\/v2\/pages\/987","targetHints":{"allow":["GET"]}}],"collection":[{"href":"https:\/\/www.anatomicaclinic.com\/tr\/wp-json\/wp\/v2\/pages"}],"about":[{"href":"https:\/\/www.anatomicaclinic.com\/tr\/wp-json\/wp\/v2\/types\/page"}],"author":[{"embeddable":true,"href":"https:\/\/www.anatomicaclinic.com\/tr\/wp-json\/wp\/v2\/users\/1"}],"replies":[{"embeddable":true,"href":"https:\/\/www.anatomicaclinic.com\/tr\/wp-json\/wp\/v2\/comments?post=987"}],"version-history":[{"count":1,"href":"https:\/\/www.anatomicaclinic.com\/tr\/wp-json\/wp\/v2\/pages\/987\/revisions"}],"predecessor-version":[{"id":8694,"href":"https:\/\/www.anatomicaclinic.com\/tr\/wp-json\/wp\/v2\/pages\/987\/revisions\/8694"}],"up":[{"embeddable":true,"href":"https:\/\/www.anatomicaclinic.com\/tr\/wp-json\/wp\/v2\/pages\/328"}],"wp:attachment":[{"href":"https:\/\/www.anatomicaclinic.com\/tr\/wp-json\/wp\/v2\/media?parent=987"}],"curies":[{"name":"wp","href":"https:\/\/api.w.org\/{rel}","templated":true}]}}