{"id":989,"date":"2022-06-19T19:01:32","date_gmt":"2022-06-19T19:01:32","guid":{"rendered":"https:\/\/www.anatomicaclinic.com\/?page_id=989"},"modified":"2026-02-11T11:45:25","modified_gmt":"2026-02-11T11:45:25","slug":"restoratif-dis-hekimligi","status":"publish","type":"page","link":"https:\/\/www.anatomicaclinic.com\/tr\/dis-tedavileri\/restoratif-dis-hekimligi\/","title":{"rendered":"Restoratif Di\u015f Hekimli\u011fi"},"content":{"rendered":"<div class=\"wpb-content-wrapper\"><p>[vc_section][vc_row el_class=&#8221;container_1200&#8243;][vc_column][vc_row_inner][vc_column_inner][vc_custom_heading text=&#8221;RESTORAT\u0130F\/REHAB\u0130L\u0130TAT\u0130F D\u0130\u015e HEK\u0130ML\u0130\u011e\u0130&#8221; font_container=&#8221;tag:h2|font_size:48|text_align:center&#8221; use_theme_fonts=&#8221;yes&#8221; el_class=&#8221;single-page-h2&#8243;][\/vc_column_inner][\/vc_row_inner][vc_row_inner][vc_column_inner][vc_column_text]G\u00fcl\u00fcmsemenizin g\u00fcc\u00fc, i\u015flevi ve g\u00f6r\u00fcn\u00fcm\u00fc \u00e7ok \u00f6nemlidir. G\u00fcl\u00fcmsemenizi olumsuz etkileyen sorunlar oldu\u011funda &#8211; \u00f6zellikle i\u015flevsel s\u0131n\u0131rlamalara neden olan veya di\u015flerin ve di\u015f etlerinin sa\u011fl\u0131\u011f\u0131n\u0131 etkileyen sorunlar oldu\u011funda, hem g\u00fczelli\u011fi hem de g\u00fcc\u00fc geri kazand\u0131rmak i\u00e7in bir tedavi kombinasyonu gerekli olacakt\u0131r.[\/vc_column_text][\/vc_column_inner][\/vc_row_inner][vc_row_inner][vc_column_inner width=&#8221;1\/3&#8243;][vc_single_image image=&#8221;1084&#8243; img_size=&#8221;full&#8221;][\/vc_column_inner][vc_column_inner width=&#8221;2\/3&#8243;][vc_column_text]<strong>Tam Di\u015f Fonksiyonunu Rehabilite Etmek<\/strong><\/p> <p>Restoratif di\u015f hekimli\u011fi, hasarl\u0131 di\u015fleri ve di\u015f etlerini rehabilite etmek i\u00e7in tasarlanm\u0131\u015f di\u015f tedavileri ve di\u015f protezleri toplulu\u011fudur. Bir g\u00fcl\u00fc\u015f tasar\u0131m\u0131ndan farkl\u0131 olarak, bu tedavilerin \u00e7o\u011fu, di\u015f eti hastal\u0131\u011f\u0131, \u015fiddetli di\u015f \u00e7\u00fcr\u00fcmesi ve ya\u015fa ba\u011fl\u0131 di\u015f minesi sorunlar\u0131 gibi tam bir form ve fonksiyon restorasyonu i\u00e7in esteti\u011fin \u00f6tesine ge\u00e7er.<\/p> <p>A\u015fa\u011f\u0131daki sorunlardan birden fazlas\u0131yla u\u011fra\u015f\u0131yorsan\u0131z, restoratif di\u015f hekimli\u011fi i\u00e7in harika bir aday olabilirsiniz:<\/p> <ul> <li>Eksik di\u015f<\/li> <li>Yontuk, \u00e7atlam\u0131\u015f veya k\u0131r\u0131k di\u015fler<\/li> <li>Mine a\u015f\u0131nmas\u0131<\/li> <li>Sararm\u0131\u015f, renksiz di\u015fler<\/li> <li>\u00c7arp\u0131k veya d\u00fczensiz di\u015fler<\/li> <li>\u0130ltihapl\u0131, enfekte di\u015f etleri<\/li> <li>Enfekte di\u015f pulpas\u0131<\/li> <li>Geli\u015fmi\u015f di\u015f \u00e7\u00fcr\u00fc\u011f\u00fc<\/li> <li>G\u00f6m\u00fcl\u00fc di\u015f etleri<\/li> <\/ul> <p>Bu sorunlar\u0131n \u00e7o\u011fu kozmetik olarak istenmeyen durumlard\u0131r. Ancak daha da endi\u015fe verici \u015fekilde di\u015flerinizin ve di\u015f etlerinizin i\u015flevini ve sa\u011fl\u0131\u011f\u0131n\u0131 etkileyebilir ve hatta hipertansiyon, kalp krizi ve b\u00f6brek yetmezli\u011fi gibi sistemik sa\u011fl\u0131k sorunlar\u0131 gibi ek sorunlara neden olabilir.<\/p> <p>Di\u015f hekimli\u011finde kozmetik ve fonksiyon birbirini d\u0131\u015flayan \u015feyler de\u011fildir. Estetik ve fayda aras\u0131ndaki ili\u015fkiyi tam olarak anl\u0131yor ve g\u00fcl\u00fc\u015f\u00fcn\u00fcz\u00fc ve a\u011f\u0131z sa\u011fl\u0131\u011f\u0131n\u0131z\u0131 t\u00fcm y\u00f6nleriyle iyile\u015ftirmek i\u00e7in a\u011f\u0131z bak\u0131m\u0131na kapsaml\u0131 bir \u015fekilde yakla\u015f\u0131yoruz.[\/vc_column_text][\/vc_column_inner][\/vc_row_inner][\/vc_column][\/vc_row][\/vc_section]<\/p> <\/div>","protected":false},"excerpt":{"rendered":"[vc_section][vc_row el_class=&#8221;container_1200&#8243;][vc_column][vc_row_inner][vc_column_inner][vc_custom_heading text=&#8221;RESTORAT\u0130F\/REHAB\u0130L\u0130TAT\u0130F D\u0130\u015e HEK\u0130ML\u0130\u011e\u0130&#8221; font_container=&#8221;tag:h2|font_size:48|text_align:center&#8221; use_theme_fonts=&#8221;yes&#8221; el_class=&#8221;single-page-h2&#8243;][\/vc_column_inner][\/vc_row_inner][vc_row_inner][vc_column_inner][vc_column_text]G\u00fcl\u00fcmsemenizin g\u00fcc\u00fc, i\u015flevi ve g\u00f6r\u00fcn\u00fcm\u00fc \u00e7ok \u00f6nemlidir. G\u00fcl\u00fcmsemenizi olumsuz etkileyen sorunlar oldu\u011funda &#8211; \u00f6zellikle i\u015flevsel s\u0131n\u0131rlamalara neden olan veya di\u015flerin ve di\u015f etlerinin sa\u011fl\u0131\u011f\u0131n\u0131 etkileyen sorunlar oldu\u011funda, hem g\u00fczelli\u011fi hem de g\u00fcc\u00fc geri kazand\u0131rmak i\u00e7in bir tedavi kombinasyonu gerekli olacakt\u0131r.[\/vc_column_text][\/vc_column_inner][\/vc_row_inner][vc_row_inner][vc_column_inner width=&#8221;1\/3&#8243;][vc_single_image image=&#8221;1084&#8243; img_size=&#8221;full&#8221;][\/vc_column_inner][vc_column_inner width=&#8221;2\/3&#8243;][vc_column_text]Tam Di\u015f Fonksiyonunu Rehabilite Etmek&#8230; <a class=\"view-article\" href=\"https:\/\/www.anatomicaclinic.com\/tr\/dis-tedavileri\/restoratif-dis-hekimligi\/\">View Article<\/a>","protected":false},"author":1,"featured_media":0,"parent":328,"menu_order":0,"comment_status":"closed","ping_status":"closed","template":"","meta":{"footnotes":""},"class_list":["post-989","page","type-page","status-publish","hentry"],"yoast_head":"<!-- This site is optimized with the Yoast SEO plugin v27.0 - https:\/\/yoast.com\/product\/yoast-seo-wordpress\/ -->\n<title>Restoratif Di\u015f Hekimli\u011fi - Anatomica Klinik<\/title>\n<meta name=\"description\" content=\"Restoratif Di\u015f Hekimli\u011fi - Anatomica Klinik\" \/>\n<meta name=\"robots\" content=\"index, follow, max-snippet:-1, max-image-preview:large, max-video-preview:-1\" \/>\n<link rel=\"canonical\" href=\"https:\/\/www.anatomicaclinic.com\/tr\/?page_id=989\" \/>\n<meta property=\"og:locale\" content=\"tr_TR\" \/>\n<meta property=\"og:type\" content=\"article\" \/>\n<meta property=\"og:title\" content=\"Restoratif Di\u015f Hekimli\u011fi - Anatomica Klinik\" \/>\n<meta property=\"og:description\" content=\"Restoratif Di\u015f Hekimli\u011fi - Anatomica Klinik\" \/>\n<meta property=\"og:url\" content=\"https:\/\/www.anatomicaclinic.com\/tr\/?page_id=989\" \/>\n<meta property=\"og:site_name\" content=\"Anatomica Klinik\" \/>\n<meta property=\"article:publisher\" content=\"https:\/\/www.facebook.com\/anatomicadominican\" \/>\n<meta property=\"article:modified_time\" content=\"2026-02-11T11:45:25+00:00\" \/>\n<meta name=\"twitter:card\" content=\"summary_large_image\" \/>\n<meta name=\"twitter:label1\" content=\"Tahmini okuma s\u00fcresi\" \/>\n\t<meta name=\"twitter:data1\" content=\"2 dakika\" \/>\n<script type=\"application\/ld+json\" class=\"yoast-schema-graph\">{\"@context\":\"https:\/\/schema.org\",\"@graph\":[{\"@type\":\"WebPage\",\"@id\":\"https:\/\/www.anatomicaclinic.com\/tr\/?page_id=989\",\"url\":\"https:\/\/www.anatomicaclinic.com\/tr\/?page_id=989\",\"name\":\"Restoratif Di\u015f Hekimli\u011fi - Anatomica Klinik\",\"isPartOf\":{\"@id\":\"https:\/\/www.anatomicaclinic.com\/#website\"},\"datePublished\":\"2022-06-19T19:01:32+00:00\",\"dateModified\":\"2026-02-11T11:45:25+00:00\",\"description\":\"Restoratif Di\u015f Hekimli\u011fi - Anatomica Klinik\",\"breadcrumb\":{\"@id\":\"https:\/\/www.anatomicaclinic.com\/tr\/?page_id=989#breadcrumb\"},\"inLanguage\":\"tr\",\"potentialAction\":[{\"@type\":\"ReadAction\",\"target\":[\"https:\/\/www.anatomicaclinic.com\/tr\/?page_id=989\"]}]},{\"@type\":\"BreadcrumbList\",\"@id\":\"https:\/\/www.anatomicaclinic.com\/tr\/?page_id=989#breadcrumb\",\"itemListElement\":[{\"@type\":\"ListItem\",\"position\":1,\"name\":\"Anasayfa\",\"item\":\"https:\/\/www.anatomicaclinic.com\/tr\/\"},{\"@type\":\"ListItem\",\"position\":2,\"name\":\"Di\u015f Tedavileri\",\"item\":\"https:\/\/www.anatomicaclinic.com\/tr\/?page_id=328\"},{\"@type\":\"ListItem\",\"position\":3,\"name\":\"Restoratif Di\u015f Hekimli\u011fi\"}]},{\"@type\":\"WebSite\",\"@id\":\"https:\/\/www.anatomicaclinic.com\/#website\",\"url\":\"https:\/\/www.anatomicaclinic.com\/\",\"name\":\"Anatomica Clinic\",\"description\":\"Anatomica\",\"publisher\":{\"@id\":\"https:\/\/www.anatomicaclinic.com\/#organization\"},\"alternateName\":\"Anatomica Clinic International\",\"potentialAction\":[{\"@type\":\"SearchAction\",\"target\":{\"@type\":\"EntryPoint\",\"urlTemplate\":\"https:\/\/www.anatomicaclinic.com\/?s={search_term_string}\"},\"query-input\":{\"@type\":\"PropertyValueSpecification\",\"valueRequired\":true,\"valueName\":\"search_term_string\"}}],\"inLanguage\":\"tr\"},{\"@type\":\"Organization\",\"@id\":\"https:\/\/www.anatomicaclinic.com\/#organization\",\"name\":\"Anatomica Clinic Dominicana\",\"url\":\"https:\/\/www.anatomicaclinic.com\/\",\"logo\":{\"@type\":\"ImageObject\",\"inLanguage\":\"tr\",\"@id\":\"https:\/\/www.anatomicaclinic.com\/#\/schema\/logo\/image\/\",\"url\":\"https:\/\/www.anatomicaclinic.com\/wp-content\/uploads\/2023\/11\/8aa015e1-a0cd-4d48-b1d5-c9598cbdad99.jpg\",\"contentUrl\":\"https:\/\/www.anatomicaclinic.com\/wp-content\/uploads\/2023\/11\/8aa015e1-a0cd-4d48-b1d5-c9598cbdad99.jpg\",\"width\":1600,\"height\":1600,\"caption\":\"Anatomica Clinic Dominicana\"},\"image\":{\"@id\":\"https:\/\/www.anatomicaclinic.com\/#\/schema\/logo\/image\/\"},\"sameAs\":[\"https:\/\/www.facebook.com\/anatomicadominican\",\"https:\/\/instagram.com\/anatomicadominican\"]}]}<\/script>\n<!-- \/ Yoast SEO plugin. -->","yoast_head_json":{"title":"Restoratif Di\u015f Hekimli\u011fi - Anatomica Klinik","description":"Restoratif Di\u015f Hekimli\u011fi - Anatomica Klinik","robots":{"index":"index","follow":"follow","max-snippet":"max-snippet:-1","max-image-preview":"max-image-preview:large","max-video-preview":"max-video-preview:-1"},"canonical":"https:\/\/www.anatomicaclinic.com\/tr\/?page_id=989","og_locale":"tr_TR","og_type":"article","og_title":"Restoratif Di\u015f Hekimli\u011fi - Anatomica Klinik","og_description":"Restoratif Di\u015f Hekimli\u011fi - Anatomica Klinik","og_url":"https:\/\/www.anatomicaclinic.com\/tr\/?page_id=989","og_site_name":"Anatomica Klinik","article_publisher":"https:\/\/www.facebook.com\/anatomicadominican","article_modified_time":"2026-02-11T11:45:25+00:00","twitter_card":"summary_large_image","twitter_misc":{"Tahmini okuma s\u00fcresi":"2 dakika"},"schema":{"@context":"https:\/\/schema.org","@graph":[{"@type":"WebPage","@id":"https:\/\/www.anatomicaclinic.com\/tr\/?page_id=989","url":"https:\/\/www.anatomicaclinic.com\/tr\/?page_id=989","name":"Restoratif Di\u015f Hekimli\u011fi - Anatomica Klinik","isPartOf":{"@id":"https:\/\/www.anatomicaclinic.com\/#website"},"datePublished":"2022-06-19T19:01:32+00:00","dateModified":"2026-02-11T11:45:25+00:00","description":"Restoratif Di\u015f Hekimli\u011fi - Anatomica Klinik","breadcrumb":{"@id":"https:\/\/www.anatomicaclinic.com\/tr\/?page_id=989#breadcrumb"},"inLanguage":"tr","potentialAction":[{"@type":"ReadAction","target":["https:\/\/www.anatomicaclinic.com\/tr\/?page_id=989"]}]},{"@type":"BreadcrumbList","@id":"https:\/\/www.anatomicaclinic.com\/tr\/?page_id=989#breadcrumb","itemListElement":[{"@type":"ListItem","position":1,"name":"Anasayfa","item":"https:\/\/www.anatomicaclinic.com\/tr\/"},{"@type":"ListItem","position":2,"name":"Di\u015f Tedavileri","item":"https:\/\/www.anatomicaclinic.com\/tr\/?page_id=328"},{"@type":"ListItem","position":3,"name":"Restoratif Di\u015f Hekimli\u011fi"}]},{"@type":"WebSite","@id":"https:\/\/www.anatomicaclinic.com\/#website","url":"https:\/\/www.anatomicaclinic.com\/","name":"Anatomica Clinic","description":"Anatomica","publisher":{"@id":"https:\/\/www.anatomicaclinic.com\/#organization"},"alternateName":"Anatomica Clinic International","potentialAction":[{"@type":"SearchAction","target":{"@type":"EntryPoint","urlTemplate":"https:\/\/www.anatomicaclinic.com\/?s={search_term_string}"},"query-input":{"@type":"PropertyValueSpecification","valueRequired":true,"valueName":"search_term_string"}}],"inLanguage":"tr"},{"@type":"Organization","@id":"https:\/\/www.anatomicaclinic.com\/#organization","name":"Anatomica Clinic Dominicana","url":"https:\/\/www.anatomicaclinic.com\/","logo":{"@type":"ImageObject","inLanguage":"tr","@id":"https:\/\/www.anatomicaclinic.com\/#\/schema\/logo\/image\/","url":"https:\/\/www.anatomicaclinic.com\/wp-content\/uploads\/2023\/11\/8aa015e1-a0cd-4d48-b1d5-c9598cbdad99.jpg","contentUrl":"https:\/\/www.anatomicaclinic.com\/wp-content\/uploads\/2023\/11\/8aa015e1-a0cd-4d48-b1d5-c9598cbdad99.jpg","width":1600,"height":1600,"caption":"Anatomica Clinic Dominicana"},"image":{"@id":"https:\/\/www.anatomicaclinic.com\/#\/schema\/logo\/image\/"},"sameAs":["https:\/\/www.facebook.com\/anatomicadominican","https:\/\/instagram.com\/anatomicadominican"]}]}},"_links":{"self":[{"href":"https:\/\/www.anatomicaclinic.com\/tr\/wp-json\/wp\/v2\/pages\/989","targetHints":{"allow":["GET"]}}],"collection":[{"href":"https:\/\/www.anatomicaclinic.com\/tr\/wp-json\/wp\/v2\/pages"}],"about":[{"href":"https:\/\/www.anatomicaclinic.com\/tr\/wp-json\/wp\/v2\/types\/page"}],"author":[{"embeddable":true,"href":"https:\/\/www.anatomicaclinic.com\/tr\/wp-json\/wp\/v2\/users\/1"}],"replies":[{"embeddable":true,"href":"https:\/\/www.anatomicaclinic.com\/tr\/wp-json\/wp\/v2\/comments?post=989"}],"version-history":[{"count":1,"href":"https:\/\/www.anatomicaclinic.com\/tr\/wp-json\/wp\/v2\/pages\/989\/revisions"}],"predecessor-version":[{"id":8703,"href":"https:\/\/www.anatomicaclinic.com\/tr\/wp-json\/wp\/v2\/pages\/989\/revisions\/8703"}],"up":[{"embeddable":true,"href":"https:\/\/www.anatomicaclinic.com\/tr\/wp-json\/wp\/v2\/pages\/328"}],"wp:attachment":[{"href":"https:\/\/www.anatomicaclinic.com\/tr\/wp-json\/wp\/v2\/media?parent=989"}],"curies":[{"name":"wp","href":"https:\/\/api.w.org\/{rel}","templated":true}]}}