{"id":997,"date":"2022-06-19T19:02:33","date_gmt":"2022-06-19T19:02:33","guid":{"rendered":"https:\/\/www.anatomicaclinic.com\/?page_id=997"},"modified":"2026-02-11T11:45:25","modified_gmt":"2026-02-11T11:45:25","slug":"kok-kanal-tedavisi","status":"publish","type":"page","link":"https:\/\/www.anatomicaclinic.com\/tr\/dis-tedavileri\/kok-kanal-tedavisi\/","title":{"rendered":"K\u00f6k Kanal Tedavisi"},"content":{"rendered":"<div class=\"wpb-content-wrapper\"><p>[vc_section][vc_row el_class=&#8221;container_1200&#8243;][vc_column][vc_row_inner][vc_column_inner][vc_custom_heading text=&#8221;K\u00d6K KANAL TEDAV\u0130S\u0130&#8221; font_container=&#8221;tag:h2|font_size:48|text_align:center&#8221; use_theme_fonts=&#8221;yes&#8221; el_class=&#8221;single-page-h2&#8243;][\/vc_column_inner][\/vc_row_inner][vc_row_inner][vc_column_inner][vc_column_text]<strong>Kanal tedavisi nedir?<\/strong><\/p> <p>Kanal tedavisi, di\u015fin yumu\u015fak i\u00e7 \u00f6z\u00fc ile ilgili sorunlar\u0131 tedavi etmek i\u00e7in yap\u0131lan di\u015f tedavisidir.[\/vc_column_text][\/vc_column_inner][\/vc_row_inner][vc_row_inner][vc_column_inner width=&#8221;1\/3&#8243;][vc_single_image image=&#8221;1078&#8243; img_size=&#8221;full&#8221;][\/vc_column_inner][vc_column_inner width=&#8221;2\/3&#8243;][vc_column_text]<strong>Neden bir k\u00f6k kanal\u0131na ihtiyac\u0131m var?<\/strong><\/p> <p>Di\u015flerin i\u00e7indeki sinir dokusu bozuldu\u011funda kanal tedavisi gerekir. Kanal tedavisi yap\u0131lmad\u0131\u011f\u0131nda di\u015f \u00f6z\u00fcndeki enfeksiyon apseye neden olabilir ve bu da \u00e7ene kemi\u011fine zarar verebilir. Di\u015finizi kurtarmak ve di\u015f k\u00f6k\u00fcn\u00fcn etraf\u0131ndaki dokunun sa\u011fl\u0131kl\u0131 ve iltihaps\u0131z kalmas\u0131n\u0131 sa\u011flamak i\u00e7in kanal tedavisine ihtiyac\u0131n\u0131z olacakt\u0131r.<\/p> <p>Di\u015finizin tahri\u015f olmas\u0131n\u0131n ve iltihaplanmas\u0131n\u0131n birka\u00e7 nedeni vard\u0131r. \u00d6rne\u011fin: derin \u00e7\u00fcr\u00fck, b\u00fcy\u00fck dolgular, di\u015fte travma, yontulmu\u015f di\u015f ve hatta tekrarlanan di\u015f tedavileri.<\/p> <p><strong>Kanal tedavisine ihtiya\u00e7 oldu\u011funu g\u00f6steren belirtiler nelerdir?<\/strong><\/p> <p>Di\u015f a\u011fr\u0131n\u0131z varsa veya di\u015fe biti\u015fik di\u015f etleri hassas ve \u015fi\u015fmi\u015fse kanal tedavisine ihtiyac\u0131n\u0131z olabilir. Di\u011fer bir belirti ise di\u015fin renginin solmu\u015f g\u00f6r\u00fcnmesi ve s\u0131ca\u011fa ve so\u011fu\u011fa kar\u015f\u0131 ekstra duyarl\u0131 hale gelmesidir. Bu belirtiler di\u015fin i\u00e7inde iltihapl\u0131 ve enfekte pulpa ortaya \u00e7\u0131kar\u0131rsa, di\u015f hekiminiz kanal tedavisi \u00f6nerebilir.<\/p> <p><strong>Di\u015f pulpas\u0131 veya sinir hasar\u0131n\u0131n nedenleri nelerdir?<\/strong><\/p> <p>Di\u015f \u00e7\u00fcr\u00fckleri (bo\u015fluklar), yontulmu\u015f di\u015fler, \u00e7atlam\u0131\u015f di\u015f dolgular\u0131 ve di\u015flerin yaralanmas\u0131 di\u015f \u00f6z\u00fcne zarar verebilir. Di\u015f \u00e7\u00fcr\u00fckleri zaman\u0131nda tedavi edilmezse, \u00e7\u00fcr\u00fck di\u015f \u00f6z\u00fcne do\u011fru yay\u0131l\u0131r ve sinir hasar\u0131na neden olur. \u00c7atlam\u0131\u015f di\u015f dolgular\u0131, t\u00fck\u00fcr\u00fck ve zararl\u0131 bakterilerin k\u00f6k kanal\u0131na ula\u015fmas\u0131na ve pulpay\u0131 enfekte etmesine izin verir. K\u0131r\u0131k di\u015fler, pulpay\u0131 a\u00e7\u0131\u011fa \u00e7\u0131karabilir. Di\u015flerin i\u00e7 k\u0131s\u0131mlar\u0131nda herhangi bir d\u0131\u015f hasar belirtisi olmasa bile di\u015flerin yaralanmas\u0131 pulpa hasar\u0131na neden olabilir.[\/vc_column_text][\/vc_column_inner][\/vc_row_inner][vc_row_inner][vc_column_inner width=&#8221;2\/3&#8243;][vc_column_text]<strong>Kanal tedavisi neden gereklidir?<\/strong><\/p> <p>Di\u015f pulpas\u0131n\u0131n i\u00e7indeki sinirler \u00f6ld\u00fc\u011f\u00fcnde, di\u015f minesi art\u0131k organik olarak beslenemez ve nem alamaz. Di\u015fi \u00e7evreleyen iltihapl\u0131 doku, di\u015f a\u011fr\u0131s\u0131na neden olur ve enfeksiyon di\u015f \u00e7evresindeki kemiklere zarar verebilir. Hasarl\u0131 pulpa tedavi edilmezse, bakteriyel enfeksiyon ve iltihaplanma di\u015fi gev\u015fetebilir ve di\u015fin \u00e7ekilmesi gerekebilir. Bu nedenle hem di\u015fi, hem de \u00e7ene kemi\u011fini korumak i\u00e7in kanal tedavisi gereklidir.<\/p> <p><strong>Kanal tedavisi neleri i\u00e7erir?<\/strong><\/p> <p>Prosed\u00fcr d\u00f6rt ad\u0131mda ger\u00e7ekle\u015fir. \u00d6nce di\u015f hekimi enfekte di\u015fin r\u00f6ntgenini inceler ve ard\u0131ndan lokal anestezi uygular. Daha sonra di\u015f hekimi, di\u015fin tepesindeki bir a\u00e7\u0131kl\u0131ktan iltihapl\u0131 sinir dokusunu \u00e7\u0131kar\u0131r. K\u00f6k kanal\u0131 d\u00fczg\u00fcn bir \u015fekilde temizlenir, b\u00f6ylece geride hi\u00e7bir kal\u0131nt\u0131 veya bakteri kalmaz. Bu, enfeksiyon ve doku \u015fi\u015fmesinin tekrar olmamas\u0131n\u0131 sa\u011flayacakt\u0131r. K\u00f6k kanal prosed\u00fcr\u00fcn\u00fcn ikinci ad\u0131m\u0131nda, di\u015f hekimi temizlenmi\u015f k\u00f6k kanal bo\u015flu\u011funu kapatacakt\u0131r. Bu, s\u0131v\u0131lar\u0131n ve bakterilerin bo\u015flu\u011fa girmesini \u00f6nlemek i\u00e7indir. \u00dc\u00e7\u00fcnc\u00fc ad\u0131mda k\u00f6k kanal\u0131 bir kar\u0131\u015f\u0131m ile doldurulur. D\u00f6rd\u00fcnc\u00fc ve son ad\u0131mda, di\u015fin \u00fczerine, normal i\u015flev g\u00f6rmesine izin veren bir kuron yerle\u015ftirilir.[\/vc_column_text][\/vc_column_inner][vc_column_inner width=&#8221;1\/3&#8243;][vc_single_image image=&#8221;1081&#8243; img_size=&#8221;full&#8221;][\/vc_column_inner][\/vc_row_inner][\/vc_column][\/vc_row][\/vc_section]<\/p> <\/div>","protected":false},"excerpt":{"rendered":"[vc_section][vc_row el_class=&#8221;container_1200&#8243;][vc_column][vc_row_inner][vc_column_inner][vc_custom_heading text=&#8221;K\u00d6K KANAL TEDAV\u0130S\u0130&#8221; font_container=&#8221;tag:h2|font_size:48|text_align:center&#8221; use_theme_fonts=&#8221;yes&#8221; el_class=&#8221;single-page-h2&#8243;][\/vc_column_inner][\/vc_row_inner][vc_row_inner][vc_column_inner][vc_column_text]Kanal tedavisi nedir? Kanal tedavisi, di\u015fin yumu\u015fak i\u00e7 \u00f6z\u00fc ile ilgili sorunlar\u0131 tedavi etmek i\u00e7in yap\u0131lan di\u015f tedavisidir.[\/vc_column_text][\/vc_column_inner][\/vc_row_inner][vc_row_inner][vc_column_inner width=&#8221;1\/3&#8243;][vc_single_image image=&#8221;1078&#8243; img_size=&#8221;full&#8221;][\/vc_column_inner][vc_column_inner width=&#8221;2\/3&#8243;][vc_column_text]Neden bir k\u00f6k kanal\u0131na ihtiyac\u0131m var? Di\u015flerin i\u00e7indeki sinir dokusu bozuldu\u011funda kanal tedavisi gerekir. Kanal tedavisi yap\u0131lmad\u0131\u011f\u0131nda di\u015f \u00f6z\u00fcndeki enfeksiyon apseye neden olabilir ve bu da \u00e7ene&#8230; <a class=\"view-article\" href=\"https:\/\/www.anatomicaclinic.com\/tr\/dis-tedavileri\/kok-kanal-tedavisi\/\">View Article<\/a>","protected":false},"author":1,"featured_media":0,"parent":328,"menu_order":0,"comment_status":"closed","ping_status":"closed","template":"","meta":{"footnotes":""},"class_list":["post-997","page","type-page","status-publish","hentry"],"yoast_head":"<!-- This site is optimized with the Yoast SEO plugin v27.0 - https:\/\/yoast.com\/product\/yoast-seo-wordpress\/ -->\n<title>K\u00f6k Kanal Tedavisi - Anatomica Klinik<\/title>\n<meta name=\"description\" content=\"K\u00f6k Kanal Tedavisi - Anatomica Klinik\" \/>\n<meta name=\"robots\" content=\"index, follow, max-snippet:-1, max-image-preview:large, max-video-preview:-1\" \/>\n<link rel=\"canonical\" href=\"https:\/\/www.anatomicaclinic.com\/tr\/?page_id=997\" \/>\n<meta property=\"og:locale\" content=\"tr_TR\" \/>\n<meta property=\"og:type\" content=\"article\" \/>\n<meta property=\"og:title\" content=\"K\u00f6k Kanal Tedavisi - Anatomica Klinik\" \/>\n<meta property=\"og:description\" content=\"K\u00f6k Kanal Tedavisi - Anatomica Klinik\" \/>\n<meta property=\"og:url\" content=\"https:\/\/www.anatomicaclinic.com\/tr\/?page_id=997\" \/>\n<meta property=\"og:site_name\" content=\"Anatomica Klinik\" \/>\n<meta property=\"article:publisher\" content=\"https:\/\/www.facebook.com\/anatomicadominican\" \/>\n<meta property=\"article:modified_time\" content=\"2026-02-11T11:45:25+00:00\" \/>\n<meta name=\"twitter:card\" content=\"summary_large_image\" \/>\n<meta name=\"twitter:label1\" content=\"Tahmini okuma s\u00fcresi\" \/>\n\t<meta name=\"twitter:data1\" content=\"3 dakika\" \/>\n<script type=\"application\/ld+json\" class=\"yoast-schema-graph\">{\"@context\":\"https:\/\/schema.org\",\"@graph\":[{\"@type\":\"WebPage\",\"@id\":\"https:\/\/www.anatomicaclinic.com\/tr\/?page_id=997\",\"url\":\"https:\/\/www.anatomicaclinic.com\/tr\/?page_id=997\",\"name\":\"K\u00f6k Kanal Tedavisi - Anatomica Klinik\",\"isPartOf\":{\"@id\":\"https:\/\/www.anatomicaclinic.com\/#website\"},\"datePublished\":\"2022-06-19T19:02:33+00:00\",\"dateModified\":\"2026-02-11T11:45:25+00:00\",\"description\":\"K\u00f6k Kanal Tedavisi - Anatomica Klinik\",\"breadcrumb\":{\"@id\":\"https:\/\/www.anatomicaclinic.com\/tr\/?page_id=997#breadcrumb\"},\"inLanguage\":\"tr\",\"potentialAction\":[{\"@type\":\"ReadAction\",\"target\":[\"https:\/\/www.anatomicaclinic.com\/tr\/?page_id=997\"]}]},{\"@type\":\"BreadcrumbList\",\"@id\":\"https:\/\/www.anatomicaclinic.com\/tr\/?page_id=997#breadcrumb\",\"itemListElement\":[{\"@type\":\"ListItem\",\"position\":1,\"name\":\"Anasayfa\",\"item\":\"https:\/\/www.anatomicaclinic.com\/tr\/\"},{\"@type\":\"ListItem\",\"position\":2,\"name\":\"Di\u015f Tedavileri\",\"item\":\"https:\/\/www.anatomicaclinic.com\/tr\/?page_id=328\"},{\"@type\":\"ListItem\",\"position\":3,\"name\":\"K\u00f6k Kanal Tedavisi\"}]},{\"@type\":\"WebSite\",\"@id\":\"https:\/\/www.anatomicaclinic.com\/#website\",\"url\":\"https:\/\/www.anatomicaclinic.com\/\",\"name\":\"Anatomica Clinic\",\"description\":\"Anatomica\",\"publisher\":{\"@id\":\"https:\/\/www.anatomicaclinic.com\/#organization\"},\"alternateName\":\"Anatomica Clinic International\",\"potentialAction\":[{\"@type\":\"SearchAction\",\"target\":{\"@type\":\"EntryPoint\",\"urlTemplate\":\"https:\/\/www.anatomicaclinic.com\/?s={search_term_string}\"},\"query-input\":{\"@type\":\"PropertyValueSpecification\",\"valueRequired\":true,\"valueName\":\"search_term_string\"}}],\"inLanguage\":\"tr\"},{\"@type\":\"Organization\",\"@id\":\"https:\/\/www.anatomicaclinic.com\/#organization\",\"name\":\"Anatomica Clinic Dominicana\",\"url\":\"https:\/\/www.anatomicaclinic.com\/\",\"logo\":{\"@type\":\"ImageObject\",\"inLanguage\":\"tr\",\"@id\":\"https:\/\/www.anatomicaclinic.com\/#\/schema\/logo\/image\/\",\"url\":\"https:\/\/www.anatomicaclinic.com\/wp-content\/uploads\/2023\/11\/8aa015e1-a0cd-4d48-b1d5-c9598cbdad99.jpg\",\"contentUrl\":\"https:\/\/www.anatomicaclinic.com\/wp-content\/uploads\/2023\/11\/8aa015e1-a0cd-4d48-b1d5-c9598cbdad99.jpg\",\"width\":1600,\"height\":1600,\"caption\":\"Anatomica Clinic Dominicana\"},\"image\":{\"@id\":\"https:\/\/www.anatomicaclinic.com\/#\/schema\/logo\/image\/\"},\"sameAs\":[\"https:\/\/www.facebook.com\/anatomicadominican\",\"https:\/\/instagram.com\/anatomicadominican\"]}]}<\/script>\n<!-- \/ Yoast SEO plugin. -->","yoast_head_json":{"title":"K\u00f6k Kanal Tedavisi - Anatomica Klinik","description":"K\u00f6k Kanal Tedavisi - Anatomica Klinik","robots":{"index":"index","follow":"follow","max-snippet":"max-snippet:-1","max-image-preview":"max-image-preview:large","max-video-preview":"max-video-preview:-1"},"canonical":"https:\/\/www.anatomicaclinic.com\/tr\/?page_id=997","og_locale":"tr_TR","og_type":"article","og_title":"K\u00f6k Kanal Tedavisi - Anatomica Klinik","og_description":"K\u00f6k Kanal Tedavisi - Anatomica Klinik","og_url":"https:\/\/www.anatomicaclinic.com\/tr\/?page_id=997","og_site_name":"Anatomica Klinik","article_publisher":"https:\/\/www.facebook.com\/anatomicadominican","article_modified_time":"2026-02-11T11:45:25+00:00","twitter_card":"summary_large_image","twitter_misc":{"Tahmini okuma s\u00fcresi":"3 dakika"},"schema":{"@context":"https:\/\/schema.org","@graph":[{"@type":"WebPage","@id":"https:\/\/www.anatomicaclinic.com\/tr\/?page_id=997","url":"https:\/\/www.anatomicaclinic.com\/tr\/?page_id=997","name":"K\u00f6k Kanal Tedavisi - Anatomica Klinik","isPartOf":{"@id":"https:\/\/www.anatomicaclinic.com\/#website"},"datePublished":"2022-06-19T19:02:33+00:00","dateModified":"2026-02-11T11:45:25+00:00","description":"K\u00f6k Kanal Tedavisi - Anatomica Klinik","breadcrumb":{"@id":"https:\/\/www.anatomicaclinic.com\/tr\/?page_id=997#breadcrumb"},"inLanguage":"tr","potentialAction":[{"@type":"ReadAction","target":["https:\/\/www.anatomicaclinic.com\/tr\/?page_id=997"]}]},{"@type":"BreadcrumbList","@id":"https:\/\/www.anatomicaclinic.com\/tr\/?page_id=997#breadcrumb","itemListElement":[{"@type":"ListItem","position":1,"name":"Anasayfa","item":"https:\/\/www.anatomicaclinic.com\/tr\/"},{"@type":"ListItem","position":2,"name":"Di\u015f Tedavileri","item":"https:\/\/www.anatomicaclinic.com\/tr\/?page_id=328"},{"@type":"ListItem","position":3,"name":"K\u00f6k Kanal Tedavisi"}]},{"@type":"WebSite","@id":"https:\/\/www.anatomicaclinic.com\/#website","url":"https:\/\/www.anatomicaclinic.com\/","name":"Anatomica Clinic","description":"Anatomica","publisher":{"@id":"https:\/\/www.anatomicaclinic.com\/#organization"},"alternateName":"Anatomica Clinic International","potentialAction":[{"@type":"SearchAction","target":{"@type":"EntryPoint","urlTemplate":"https:\/\/www.anatomicaclinic.com\/?s={search_term_string}"},"query-input":{"@type":"PropertyValueSpecification","valueRequired":true,"valueName":"search_term_string"}}],"inLanguage":"tr"},{"@type":"Organization","@id":"https:\/\/www.anatomicaclinic.com\/#organization","name":"Anatomica Clinic Dominicana","url":"https:\/\/www.anatomicaclinic.com\/","logo":{"@type":"ImageObject","inLanguage":"tr","@id":"https:\/\/www.anatomicaclinic.com\/#\/schema\/logo\/image\/","url":"https:\/\/www.anatomicaclinic.com\/wp-content\/uploads\/2023\/11\/8aa015e1-a0cd-4d48-b1d5-c9598cbdad99.jpg","contentUrl":"https:\/\/www.anatomicaclinic.com\/wp-content\/uploads\/2023\/11\/8aa015e1-a0cd-4d48-b1d5-c9598cbdad99.jpg","width":1600,"height":1600,"caption":"Anatomica Clinic Dominicana"},"image":{"@id":"https:\/\/www.anatomicaclinic.com\/#\/schema\/logo\/image\/"},"sameAs":["https:\/\/www.facebook.com\/anatomicadominican","https:\/\/instagram.com\/anatomicadominican"]}]}},"_links":{"self":[{"href":"https:\/\/www.anatomicaclinic.com\/tr\/wp-json\/wp\/v2\/pages\/997","targetHints":{"allow":["GET"]}}],"collection":[{"href":"https:\/\/www.anatomicaclinic.com\/tr\/wp-json\/wp\/v2\/pages"}],"about":[{"href":"https:\/\/www.anatomicaclinic.com\/tr\/wp-json\/wp\/v2\/types\/page"}],"author":[{"embeddable":true,"href":"https:\/\/www.anatomicaclinic.com\/tr\/wp-json\/wp\/v2\/users\/1"}],"replies":[{"embeddable":true,"href":"https:\/\/www.anatomicaclinic.com\/tr\/wp-json\/wp\/v2\/comments?post=997"}],"version-history":[{"count":1,"href":"https:\/\/www.anatomicaclinic.com\/tr\/wp-json\/wp\/v2\/pages\/997\/revisions"}],"predecessor-version":[{"id":8698,"href":"https:\/\/www.anatomicaclinic.com\/tr\/wp-json\/wp\/v2\/pages\/997\/revisions\/8698"}],"up":[{"embeddable":true,"href":"https:\/\/www.anatomicaclinic.com\/tr\/wp-json\/wp\/v2\/pages\/328"}],"wp:attachment":[{"href":"https:\/\/www.anatomicaclinic.com\/tr\/wp-json\/wp\/v2\/media?parent=997"}],"curies":[{"name":"wp","href":"https:\/\/api.w.org\/{rel}","templated":true}]}}